{"id":757,"date":"2020-11-11T11:47:46","date_gmt":"2020-11-11T11:47:46","guid":{"rendered":"https:\/\/www.iglobal.fi\/?page_id=757"},"modified":"2023-11-09T13:26:02","modified_gmt":"2023-11-09T13:26:02","slug":"google","status":"publish","type":"page","link":"https:\/\/www.iglobal.fi\/sv\/telefonservice\/google\/","title":{"rendered":"Google"},"content":{"rendered":"\t\t<div data-elementor-type=\"wp-page\" data-elementor-id=\"757\" class=\"elementor elementor-757\" data-elementor-settings=\"{&quot;element_pack_global_tooltip_width&quot;:{&quot;unit&quot;:&quot;px&quot;,&quot;size&quot;:&quot;&quot;,&quot;sizes&quot;:[]},&quot;element_pack_global_tooltip_width_tablet&quot;:{&quot;unit&quot;:&quot;px&quot;,&quot;size&quot;:&quot;&quot;,&quot;sizes&quot;:[]},&quot;element_pack_global_tooltip_width_mobile&quot;:{&quot;unit&quot;:&quot;px&quot;,&quot;size&quot;:&quot;&quot;,&quot;sizes&quot;:[]},&quot;element_pack_global_tooltip_padding&quot;:{&quot;unit&quot;:&quot;px&quot;,&quot;top&quot;:&quot;&quot;,&quot;right&quot;:&quot;&quot;,&quot;bottom&quot;:&quot;&quot;,&quot;left&quot;:&quot;&quot;,&quot;isLinked&quot;:true},&quot;element_pack_global_tooltip_padding_tablet&quot;:{&quot;unit&quot;:&quot;px&quot;,&quot;top&quot;:&quot;&quot;,&quot;right&quot;:&quot;&quot;,&quot;bottom&quot;:&quot;&quot;,&quot;left&quot;:&quot;&quot;,&quot;isLinked&quot;:true},&quot;element_pack_global_tooltip_padding_mobile&quot;:{&quot;unit&quot;:&quot;px&quot;,&quot;top&quot;:&quot;&quot;,&quot;right&quot;:&quot;&quot;,&quot;bottom&quot;:&quot;&quot;,&quot;left&quot;:&quot;&quot;,&quot;isLinked&quot;:true},&quot;element_pack_global_tooltip_border_radius&quot;:{&quot;unit&quot;:&quot;px&quot;,&quot;top&quot;:&quot;&quot;,&quot;right&quot;:&quot;&quot;,&quot;bottom&quot;:&quot;&quot;,&quot;left&quot;:&quot;&quot;,&quot;isLinked&quot;:true},&quot;element_pack_global_tooltip_border_radius_tablet&quot;:{&quot;unit&quot;:&quot;px&quot;,&quot;top&quot;:&quot;&quot;,&quot;right&quot;:&quot;&quot;,&quot;bottom&quot;:&quot;&quot;,&quot;left&quot;:&quot;&quot;,&quot;isLinked&quot;:true},&quot;element_pack_global_tooltip_border_radius_mobile&quot;:{&quot;unit&quot;:&quot;px&quot;,&quot;top&quot;:&quot;&quot;,&quot;right&quot;:&quot;&quot;,&quot;bottom&quot;:&quot;&quot;,&quot;left&quot;:&quot;&quot;,&quot;isLinked&quot;:true}}\" data-elementor-post-type=\"page\">\n\t\t\t\t\t\t<section class=\"elementor-section elementor-top-section elementor-element elementor-element-3b45c52 elementor-hidden-desktop elementor-hidden-phone elementor-section-boxed elementor-section-height-default elementor-section-height-default\" data-id=\"3b45c52\" data-element_type=\"section\">\n\t\t\t\t\t\t<div class=\"elementor-container elementor-column-gap-default\">\n\t\t\t\t\t<div class=\"elementor-column elementor-col-100 elementor-top-column elementor-element elementor-element-f25510a\" data-id=\"f25510a\" data-element_type=\"column\">\n\t\t\t<div class=\"elementor-widget-wrap elementor-element-populated\">\n\t\t\t\t\t\t<div class=\"elementor-element elementor-element-6d41394 elementor-widget elementor-widget-heading\" data-id=\"6d41394\" data-element_type=\"widget\" data-widget_type=\"heading.default\">\n\t\t\t\t<div class=\"elementor-widget-container\">\n\t\t\t\t\t<h1 class=\"elementor-heading-title elementor-size-default\">GOOGLE SERVICE OCH REPARATION<\/h1>\t\t\t\t<\/div>\n\t\t\t\t<\/div>\n\t\t\t\t\t<\/div>\n\t\t<\/div>\n\t\t\t\t\t<\/div>\n\t\t<\/section>\n\t\t\t\t<section class=\"elementor-section elementor-top-section elementor-element elementor-element-edc80ad elementor-section-boxed elementor-section-height-default elementor-section-height-default\" data-id=\"edc80ad\" data-element_type=\"section\">\n\t\t\t\t\t\t<div class=\"elementor-container elementor-column-gap-default\">\n\t\t\t\t\t<div class=\"elementor-column elementor-col-50 elementor-top-column elementor-element elementor-element-197f1a3\" data-id=\"197f1a3\" data-element_type=\"column\">\n\t\t\t<div class=\"elementor-widget-wrap elementor-element-populated\">\n\t\t\t\t\t\t<div class=\"elementor-element elementor-element-22e5c7a elementor-invisible elementor-widget elementor-widget-image\" data-id=\"22e5c7a\" data-element_type=\"widget\" data-settings=\"{&quot;_animation&quot;:&quot;slideInLeft&quot;,&quot;_animation_mobile&quot;:&quot;none&quot;}\" data-widget_type=\"image.default\">\n\t\t\t\t<div class=\"elementor-widget-container\">\n\t\t\t\t\t\t\t\t\t\t\t\t\t\t\t<img decoding=\"async\" data-src=\"https:\/\/www.iglobal.fi\/wp-content\/uploads\/2020\/11\/iGlobal-google-696-x-954.png\" title=\"iGlobal google-696-x-954\" alt=\"Google Huolto ja korjaus iGlobal Solution\" src=\"data:image\/svg+xml;base64,PHN2ZyB3aWR0aD0iMSIgaGVpZ2h0PSIxIiB4bWxucz0iaHR0cDovL3d3dy53My5vcmcvMjAwMC9zdmciPjwvc3ZnPg==\" class=\"lazyload\" style=\"--smush-placeholder-width: 696px; --smush-placeholder-aspect-ratio: 696\/954;\" \/>\t\t\t\t\t\t\t\t\t\t\t\t\t\t\t<\/div>\n\t\t\t\t<\/div>\n\t\t\t\t\t<\/div>\n\t\t<\/div>\n\t\t\t\t<div class=\"elementor-column elementor-col-50 elementor-top-column elementor-element elementor-element-8b15176\" data-id=\"8b15176\" data-element_type=\"column\">\n\t\t\t<div class=\"elementor-widget-wrap elementor-element-populated\">\n\t\t\t\t\t\t<div class=\"elementor-element elementor-element-2010d91 elementor-hidden-tablet elementor-widget elementor-widget-heading\" data-id=\"2010d91\" data-element_type=\"widget\" data-widget_type=\"heading.default\">\n\t\t\t\t<div class=\"elementor-widget-container\">\n\t\t\t\t\t<h1 class=\"elementor-heading-title elementor-size-default\"><b>GOOGLE SERVICE OCH REPARATION<\/b><\/h1>\t\t\t\t<\/div>\n\t\t\t\t<\/div>\n\t\t\t\t<div class=\"elementor-element elementor-element-d9d634e elementor-view-stacked elementor-position-inline-start animated-fast elementor-hidden-desktop elementor-hidden-tablet elementor-shape-circle elementor-mobile-position-block-start elementor-invisible elementor-widget elementor-widget-icon-box\" data-id=\"d9d634e\" data-element_type=\"widget\" data-settings=\"{&quot;_animation&quot;:&quot;slideInRight&quot;,&quot;_animation_mobile&quot;:&quot;zoomIn&quot;}\" data-widget_type=\"icon-box.default\">\n\t\t\t\t<div class=\"elementor-widget-container\">\n\t\t\t\t\t\t\t<div class=\"elementor-icon-box-wrapper\">\n\n\t\t\t\t\t\t<div class=\"elementor-icon-box-icon\">\n\t\t\t\t<span  class=\"elementor-icon elementor-animation-pulse-grow\">\n\t\t\t\t<i aria-hidden=\"true\" class=\"fas fa-wrench\"><\/i>\t\t\t\t<\/span>\n\t\t\t<\/div>\n\t\t\t\n\t\t\t\t\t\t<div class=\"elementor-icon-box-content\">\n\n\t\t\t\t\t\t\t\t\t<h3 class=\"elementor-icon-box-title\">\n\t\t\t\t\t\t<span  >\n\t\t\t\t\t\t\tGOOGLE TELEFONREPARATON\t\t\t\t\t\t<\/span>\n\t\t\t\t\t<\/h3>\n\t\t\t\t\n\t\t\t\t\t\t\t\t\t<p class=\"elementor-icon-box-description\">\n\t\t\t\t\t\tF\u00f6r att garantera b\u00e4sta m\u00f6jliga slutresultat anv\u00e4nds alltid h\u00f6gkvalitativa och certifierade reservdelar i v\u00e5ra reparationer, oavsett om det \u00e4r fr\u00e5gan om reparation av sk\u00e4rm, kamera eller byte av batteri.\t\t\t\t\t<\/p>\n\t\t\t\t\n\t\t\t<\/div>\n\t\t\t\n\t\t<\/div>\n\t\t\t\t\t\t<\/div>\n\t\t\t\t<\/div>\n\t\t\t\t<div class=\"elementor-element elementor-element-41c8ed7 elementor-view-stacked elementor-position-inline-start animated-fast elementor-hidden-phone elementor-shape-circle elementor-mobile-position-block-start elementor-invisible elementor-widget elementor-widget-icon-box\" data-id=\"41c8ed7\" data-element_type=\"widget\" data-settings=\"{&quot;_animation&quot;:&quot;slideInRight&quot;,&quot;_animation_mobile&quot;:&quot;zoomIn&quot;}\" data-widget_type=\"icon-box.default\">\n\t\t\t\t<div class=\"elementor-widget-container\">\n\t\t\t\t\t\t\t<div class=\"elementor-icon-box-wrapper\">\n\n\t\t\t\t\t\t<div class=\"elementor-icon-box-icon\">\n\t\t\t\t<span  class=\"elementor-icon elementor-animation-pulse-grow\">\n\t\t\t\t<i aria-hidden=\"true\" class=\"fas fa-wrench\"><\/i>\t\t\t\t<\/span>\n\t\t\t<\/div>\n\t\t\t\n\t\t\t\t\t\t<div class=\"elementor-icon-box-content\">\n\n\t\t\t\t\t\t\t\t\t<h3 class=\"elementor-icon-box-title\">\n\t\t\t\t\t\t<span  >\n\t\t\t\t\t\t\tGOOGLE TELEFONREPARATION \t\t\t\t\t\t<\/span>\n\t\t\t\t\t<\/h3>\n\t\t\t\t\n\t\t\t\t\t\t\t\t\t<p class=\"elementor-icon-box-description\">\n\t\t\t\t\t\tF\u00f6r att garantera b\u00e4sta m\u00f6jliga slutresultat anv\u00e4nds alltid h\u00f6gkvalitativa och certifierade reservdelar i v\u00e5ra reparationer, oavsett om det \u00e4r fr\u00e5gan om reparation av sk\u00e4rm, kamera eller byte av batteri.\t\t\t\t\t<\/p>\n\t\t\t\t\n\t\t\t<\/div>\n\t\t\t\n\t\t<\/div>\n\t\t\t\t\t\t<\/div>\n\t\t\t\t<\/div>\n\t\t\t\t<div class=\"elementor-element elementor-element-7d4e39c elementor-view-stacked elementor-position-inline-start animated-fast elementor-hidden-desktop elementor-hidden-tablet elementor-shape-circle elementor-mobile-position-block-start elementor-invisible elementor-widget elementor-widget-icon-box\" data-id=\"7d4e39c\" data-element_type=\"widget\" data-settings=\"{&quot;_animation&quot;:&quot;slideInRight&quot;,&quot;_animation_mobile&quot;:&quot;zoomIn&quot;,&quot;_animation_delay&quot;:0}\" data-widget_type=\"icon-box.default\">\n\t\t\t\t<div class=\"elementor-widget-container\">\n\t\t\t\t\t\t\t<div class=\"elementor-icon-box-wrapper\">\n\n\t\t\t\t\t\t<div class=\"elementor-icon-box-icon\">\n\t\t\t\t<span  class=\"elementor-icon elementor-animation-pulse-grow\">\n\t\t\t\t<i aria-hidden=\"true\" class=\"fas fa-rocket\"><\/i>\t\t\t\t<\/span>\n\t\t\t<\/div>\n\t\t\t\n\t\t\t\t\t\t<div class=\"elementor-icon-box-content\">\n\n\t\t\t\t\t\t\t\t\t<h3 class=\"elementor-icon-box-title\">\n\t\t\t\t\t\t<span  >\n\t\t\t\t\t\t\tSNABB OCH EFFEKTIV SERVICE\t\t\t\t\t\t<\/span>\n\t\t\t\t\t<\/h3>\n\t\t\t\t\n\t\t\t\t\t\t\t\t\t<p class=\"elementor-icon-box-description\">\n\t\t\t\t\t\tI dagens l\u00e4ge \u00e4r smarttelefonen n\u00e5got man inte vill vara utan speciellt l\u00e4nge. P\u00e5 iGlobal Solution str\u00e4var vi alltid efter att betj\u00e4na v\u00e5ra kunder s\u00e5 snabbt och effektivt som m\u00f6jligt med minimal v\u00e4ntetid. \u00c4ven utan f\u00f6rbest\u00e4lld tid.\t\t\t\t\t<\/p>\n\t\t\t\t\n\t\t\t<\/div>\n\t\t\t\n\t\t<\/div>\n\t\t\t\t\t\t<\/div>\n\t\t\t\t<\/div>\n\t\t\t\t<div class=\"elementor-element elementor-element-0bb0e46 elementor-view-stacked elementor-position-inline-start animated-fast elementor-hidden-phone elementor-shape-circle elementor-mobile-position-block-start elementor-invisible elementor-widget elementor-widget-icon-box\" data-id=\"0bb0e46\" data-element_type=\"widget\" data-settings=\"{&quot;_animation&quot;:&quot;slideInRight&quot;,&quot;_animation_mobile&quot;:&quot;zoomIn&quot;,&quot;_animation_delay&quot;:500}\" data-widget_type=\"icon-box.default\">\n\t\t\t\t<div class=\"elementor-widget-container\">\n\t\t\t\t\t\t\t<div class=\"elementor-icon-box-wrapper\">\n\n\t\t\t\t\t\t<div class=\"elementor-icon-box-icon\">\n\t\t\t\t<span  class=\"elementor-icon elementor-animation-pulse-grow\">\n\t\t\t\t<i aria-hidden=\"true\" class=\"fas fa-rocket\"><\/i>\t\t\t\t<\/span>\n\t\t\t<\/div>\n\t\t\t\n\t\t\t\t\t\t<div class=\"elementor-icon-box-content\">\n\n\t\t\t\t\t\t\t\t\t<h3 class=\"elementor-icon-box-title\">\n\t\t\t\t\t\t<span  >\n\t\t\t\t\t\t\tSNABB OCH EFFEKTIV SERVICE\t\t\t\t\t\t<\/span>\n\t\t\t\t\t<\/h3>\n\t\t\t\t\n\t\t\t\t\t\t\t\t\t<p class=\"elementor-icon-box-description\">\n\t\t\t\t\t\tI dagens l\u00e4ge \u00e4r smarttelefonen n\u00e5got man inte vill vara utan speciellt l\u00e4nge. P\u00e5 iGlobal Solution str\u00e4var vi alltid efter att betj\u00e4na v\u00e5ra kunder s\u00e5 snabbt och effektivt som m\u00f6jligt med minimal v\u00e4ntetid. \u00c4ven utan f\u00f6rbest\u00e4lld tid.\t\t\t\t\t<\/p>\n\t\t\t\t\n\t\t\t<\/div>\n\t\t\t\n\t\t<\/div>\n\t\t\t\t\t\t<\/div>\n\t\t\t\t<\/div>\n\t\t\t\t<div class=\"elementor-element elementor-element-12998ec elementor-view-stacked elementor-position-inline-start animated-fast elementor-hidden-desktop elementor-hidden-tablet elementor-shape-circle elementor-mobile-position-block-start elementor-invisible elementor-widget elementor-widget-icon-box\" data-id=\"12998ec\" data-element_type=\"widget\" data-settings=\"{&quot;_animation&quot;:&quot;slideInRight&quot;,&quot;_animation_mobile&quot;:&quot;zoomIn&quot;,&quot;_animation_delay&quot;:0}\" data-widget_type=\"icon-box.default\">\n\t\t\t\t<div class=\"elementor-widget-container\">\n\t\t\t\t\t\t\t<div class=\"elementor-icon-box-wrapper\">\n\n\t\t\t\t\t\t<div class=\"elementor-icon-box-icon\">\n\t\t\t\t<span  class=\"elementor-icon elementor-animation-pulse-grow\">\n\t\t\t\t<i aria-hidden=\"true\" class=\"fas fa-chart-line\"><\/i>\t\t\t\t<\/span>\n\t\t\t<\/div>\n\t\t\t\n\t\t\t\t\t\t<div class=\"elementor-icon-box-content\">\n\n\t\t\t\t\t\t\t\t\t<h3 class=\"elementor-icon-box-title\">\n\t\t\t\t\t\t<span  >\n\t\t\t\t\t\t\tKONTINUERLIG MARKNADS\u00d6VERVAKNING\t\t\t\t\t\t<\/span>\n\t\t\t\t\t<\/h3>\n\t\t\t\t\n\t\t\t\t\t\t\t\t\t<p class=\"elementor-icon-box-description\">\n\t\t\t\t\t\tF\u00f6r att kunna erbjuda v\u00e5ra kunder b\u00e4sta m\u00f6jliga service och expertis, f\u00f6ljer vi konstant med utvecklingen i branschen. Det betyder i praktiken \u00f6vervakning av kommande telefonmodeller, olika modellers typiska problemomr\u00e5den samt tillg\u00e4nglighet av h\u00f6gkvalitativa reservdelar.\t\t\t\t\t<\/p>\n\t\t\t\t\n\t\t\t<\/div>\n\t\t\t\n\t\t<\/div>\n\t\t\t\t\t\t<\/div>\n\t\t\t\t<\/div>\n\t\t\t\t<div class=\"elementor-element elementor-element-74bd1cd elementor-view-stacked elementor-position-inline-start animated-fast elementor-hidden-phone elementor-shape-circle elementor-mobile-position-block-start elementor-invisible elementor-widget elementor-widget-icon-box\" data-id=\"74bd1cd\" data-element_type=\"widget\" data-settings=\"{&quot;_animation&quot;:&quot;slideInRight&quot;,&quot;_animation_mobile&quot;:&quot;zoomIn&quot;,&quot;_animation_delay&quot;:1000}\" data-widget_type=\"icon-box.default\">\n\t\t\t\t<div class=\"elementor-widget-container\">\n\t\t\t\t\t\t\t<div class=\"elementor-icon-box-wrapper\">\n\n\t\t\t\t\t\t<div class=\"elementor-icon-box-icon\">\n\t\t\t\t<span  class=\"elementor-icon elementor-animation-pulse-grow\">\n\t\t\t\t<i aria-hidden=\"true\" class=\"fas fa-chart-line\"><\/i>\t\t\t\t<\/span>\n\t\t\t<\/div>\n\t\t\t\n\t\t\t\t\t\t<div class=\"elementor-icon-box-content\">\n\n\t\t\t\t\t\t\t\t\t<h3 class=\"elementor-icon-box-title\">\n\t\t\t\t\t\t<span  >\n\t\t\t\t\t\t\tKONTINUERLIG MARKNADS\u00d6VERVAKNING\t\t\t\t\t\t<\/span>\n\t\t\t\t\t<\/h3>\n\t\t\t\t\n\t\t\t\t\t\t\t\t\t<p class=\"elementor-icon-box-description\">\n\t\t\t\t\t\tF\u00f6r att kunna erbjuda v\u00e5ra kunder b\u00e4sta m\u00f6jliga service och expertis, f\u00f6ljer vi konstant med utvecklingen i branschen. Det betyder i praktiken \u00f6vervakning av kommande telefonmodeller, olika modellers typiska problemomr\u00e5den samt tillg\u00e4nglighet av h\u00f6gkvalitativa reservdelar.\t\t\t\t\t<\/p>\n\t\t\t\t\n\t\t\t<\/div>\n\t\t\t\n\t\t<\/div>\n\t\t\t\t\t\t<\/div>\n\t\t\t\t<\/div>\n\t\t\t\t\t<\/div>\n\t\t<\/div>\n\t\t\t\t\t<\/div>\n\t\t<\/section>\n\t\t\t\t<section class=\"elementor-section elementor-top-section elementor-element elementor-element-be410f6 elementor-section-full_width elementor-section-height-default elementor-section-height-default\" data-id=\"be410f6\" data-element_type=\"section\">\n\t\t\t\t\t\t<div class=\"elementor-container elementor-column-gap-default\">\n\t\t\t\t\t<div class=\"elementor-column elementor-col-100 elementor-top-column elementor-element elementor-element-68a0f39\" data-id=\"68a0f39\" data-element_type=\"column\">\n\t\t\t<div class=\"elementor-widget-wrap elementor-element-populated\">\n\t\t\t\t\t\t<section class=\"elementor-section elementor-inner-section elementor-element elementor-element-aff8aef elementor-section-boxed elementor-section-height-default elementor-section-height-default\" data-id=\"aff8aef\" data-element_type=\"section\">\n\t\t\t\t\t\t<div class=\"elementor-container elementor-column-gap-default\">\n\t\t\t\t\t<div class=\"elementor-column elementor-col-50 elementor-inner-column elementor-element elementor-element-196559b\" data-id=\"196559b\" data-element_type=\"column\">\n\t\t\t<div class=\"elementor-widget-wrap elementor-element-populated\">\n\t\t\t\t\t\t<div class=\"elementor-element elementor-element-ea8598b elementor-icon-list--layout-traditional elementor-list-item-link-full_width elementor-widget elementor-widget-icon-list\" data-id=\"ea8598b\" data-element_type=\"widget\" data-widget_type=\"icon-list.default\">\n\t\t\t\t<div class=\"elementor-widget-container\">\n\t\t\t\t\t\t\t<ul class=\"elementor-icon-list-items\">\n\t\t\t\t\t\t\t<li class=\"elementor-icon-list-item\">\n\t\t\t\t\t\t\t\t\t\t\t<span class=\"elementor-icon-list-icon\">\n\t\t\t\t\t\t\t<i aria-hidden=\"true\" class=\"fas fa-info-circle\"><\/i>\t\t\t\t\t\t<\/span>\n\t\t\t\t\t\t\t\t\t\t<span class=\"elementor-icon-list-text\">-10\u20ac Rabatt p\u00e5 batteribyte i samband med sk\u00e4rmbyte <\/span>\n\t\t\t\t\t\t\t\t\t<\/li>\n\t\t\t\t\t\t<\/ul>\n\t\t\t\t\t\t<\/div>\n\t\t\t\t<\/div>\n\t\t\t\t\t<\/div>\n\t\t<\/div>\n\t\t\t\t<div class=\"elementor-column elementor-col-50 elementor-inner-column elementor-element elementor-element-3b746b9\" data-id=\"3b746b9\" data-element_type=\"column\">\n\t\t\t<div class=\"elementor-widget-wrap\">\n\t\t\t\t\t\t\t<\/div>\n\t\t<\/div>\n\t\t\t\t\t<\/div>\n\t\t<\/section>\n\t\t\t\t<div class=\"elementor-element elementor-element-c3287fa bdt-hide-entries-on-mobile-yes elementor-widget elementor-widget-bdt-table\" data-id=\"c3287fa\" data-element_type=\"widget\" data-widget_type=\"bdt-table.default\">\n\t\t\t\t<div class=\"elementor-widget-container\">\n\t\t\t\t\t\t\t<div class=\"bdt-table bdt-table-default-responsive  bdt-data-table\" id=\"bdt-table-c3287fa\" data-settings=\"{&quot;paging&quot;:false,&quot;info&quot;:false,&quot;searching&quot;:false,&quot;ordering&quot;:false}\">\n\n\n\t\t\t<table><thead><tr><th>Modell<\/th><th>Sk\u00e4rmbyte<\/th><th>Batteribyte<\/th><th>Laddningsport<\/th><th>Bakglas<\/th><\/tr><\/thead><tbody><tr><td>Pixel 9 Pro XL<\/td><td>429\u20ac<\/td><td>159\u20ac<\/td><td>x<\/td><td>229\u20ac<\/td><\/tr><tr><td>Pixel 9A<\/td><td>269\u20ac<\/td><td>139\u20ac<\/td><td>x<\/td><td>129\u20ac<\/td><\/tr><tr><td>Pixel 9 Pro<\/td><td>299\u20ac<\/td><td>119\u20ac<\/td><td>x<\/td><td>119\u20ac<\/td><\/tr><tr><td>Pixel 9<\/td><td>269\u20ac<\/td><td>119\u20ac<\/td><td>x<\/td><td>119\u20ac<\/td><\/tr><tr><td>Pixel 8A<\/td><td>269\u20ac<\/td><td>119\u20ac<\/td><td>x<\/td><td>99\u20ac<\/td><\/tr><tr><td>Pixel 8 Pro<\/td><td>429\u20ac<\/td><td>139\u20ac<\/td><td>X<\/td><td>X<\/td><\/tr><tr><td>Pixel 8<\/td><td>299\u20ac<\/td><td>139\u20ac<\/td><td>X<\/td><td>X<\/td><\/tr><tr><td>Pixel 7 Pro<\/td><td>429\u20ac<\/td><td>139\u20ac<\/td><td>X<\/td><td>279\u20ac<\/td><\/tr><tr><td>Pixel 7A<\/td><td>249\u20ac<\/td><td>129\u20ac<\/td><td>X<\/td><td>129\u20ac<\/td><\/tr><tr><td>Pixel 7<\/td><td>279\u20ac<\/td><td>129\u20ac<\/td><td>X<\/td><td>239\u20ac<\/td><\/tr><tr><td>Pixel 6 Pro<\/td><td>399\u20ac<\/td><td>139\u20ac<\/td><td>X<\/td><td>249\u20ac<\/td><\/tr><tr><td>Pixel 6A<\/td><td>279\u20ac<\/td><td>119\u20ac<\/td><td>X<\/td><td>189\u20ac<\/td><\/tr><tr><td>Pixel 6<\/td><td>269\u20ac<\/td><td>129\u20ac<\/td><td>X<\/td><td>209\u20ac<\/td><\/tr><tr><td>Pixel 5<\/td><td>279\u20ac<\/td><td>99\u20ac<\/td><td>79\u20ac<\/td><td>109\u20ac<\/td><\/tr><tr><td>Pixel 4XL<\/td><td>189\u20ac<\/td><td>89\u20ac<\/td><td>89\u20ac<\/td><td>109\u20ac<\/td><\/tr><tr><td>Pixel 4<\/td><td>169\u20ac<\/td><td>89\u20ac<\/td><td>89\u20ac<\/td><td>109\u20ac<\/td><\/tr><\/tbody><\/table>\n\t\t<\/div>\n\t\t\t\t\t\t<\/div>\n\t\t\t\t<\/div>\n\t\t\t\t<div class=\"elementor-element elementor-element-6f238b8 elementor-icon-list--layout-traditional elementor-list-item-link-full_width elementor-widget elementor-widget-icon-list\" data-id=\"6f238b8\" data-element_type=\"widget\" data-widget_type=\"icon-list.default\">\n\t\t\t\t<div class=\"elementor-widget-container\">\n\t\t\t\t\t\t\t<ul class=\"elementor-icon-list-items\">\n\t\t\t\t\t\t\t<li class=\"elementor-icon-list-item\">\n\t\t\t\t\t\t\t\t\t\t\t<span class=\"elementor-icon-list-icon\">\n\t\t\t\t\t\t\t<i aria-hidden=\"true\" class=\"fas fa-info-circle\"><\/i>\t\t\t\t\t\t<\/span>\n\t\t\t\t\t\t\t\t\t\t<span class=\"elementor-icon-list-text\">Ifall din telefon modell inte finns p\u00e5 listan kan ni alltid fr\u00e5ga oss genom att fylla i<a href=\"https:\/\/www.iglobal.fi\/sv\/ta-kontakt\/\"><b> fr\u00e5geformul\u00e4ret  <\/b><\/a>eller bes\u00f6ka oss i butiken f\u00f6r gratis fels\u00f6kning.<\/span>\n\t\t\t\t\t\t\t\t\t<\/li>\n\t\t\t\t\t\t<\/ul>\n\t\t\t\t\t\t<\/div>\n\t\t\t\t<\/div>\n\t\t\t\t<div class=\"elementor-element elementor-element-44d6937 elementor-cta--layout-image-right elementor-cta--mobile-layout-image-above elementor-cta--skin-classic elementor-animated-content elementor-widget elementor-widget-call-to-action\" data-id=\"44d6937\" data-element_type=\"widget\" data-widget_type=\"call-to-action.default\">\n\t\t\t\t<div class=\"elementor-widget-container\">\n\t\t\t\t\t\t\t<div class=\"elementor-cta\">\n\t\t\t\t\t<div class=\"elementor-cta__bg-wrapper\">\n\t\t\t\t<div class=\"elementor-cta__bg elementor-bg lazyload\" style=\"background-image:inherit;\" role=\"img\" aria-label=\"Postipalvelu iGlobal Solution\" data-bg-image=\"url(https:\/\/www.iglobal.fi\/wp-content\/uploads\/2020\/10\/iGlobal-Solution-postituspalvelu-1-1024x683.jpg)\"><\/div>\n\t\t\t\t<div class=\"elementor-cta__bg-overlay\"><\/div>\n\t\t\t<\/div>\n\t\t\t\t\t\t\t<div class=\"elementor-cta__content\">\n\t\t\t\t\n\t\t\t\t\t\t\t\t\t<h2 class=\"elementor-cta__title elementor-cta__content-item elementor-content-item\">\n\t\t\t\t\t\tS\u00c4ND TELEFON P\u00c5 REPARATION\t\t\t\t\t<\/h2>\n\t\t\t\t\n\t\t\t\t\t\t\t\t\t<div class=\"elementor-cta__description elementor-cta__content-item elementor-content-item\">\n\t\t\t\t\t\tBor du l\u00e5ngt ifr\u00e5n oss? Ingen fara, s\u00e4nd din telefon p\u00e5 reparation per post, s\u00e5 vi fixar vi den p\u00e5 nolltid!\t\t\t\t\t<\/div>\n\t\t\t\t\n\t\t\t\t\t\t\t\t\t<div class=\"elementor-cta__button-wrapper elementor-cta__content-item elementor-content-item \">\n\t\t\t\t\t<a class=\"elementor-cta__button elementor-button elementor-size-\" href=\"https:\/\/www.iglobal.fi\/sv\/posttjanst\/\">\n\t\t\t\t\t\tL\u00c4S MERA\t\t\t\t\t<\/a>\n\t\t\t\t\t<\/div>\n\t\t\t\t\t\t\t<\/div>\n\t\t\t\t\t\t\t<div class=\"elementor-ribbon\">\n\t\t\t\t<div class=\"elementor-ribbon-inner\">\n\t\t\t\t\tPosttj\u00e4nst\t\t\t\t<\/div>\n\t\t\t<\/div>\n\t\t\t\t<\/div>\n\t\t\t\t\t\t<\/div>\n\t\t\t\t<\/div>\n\t\t\t\t\t<\/div>\n\t\t<\/div>\n\t\t\t\t\t<\/div>\n\t\t<\/section>\n\t\t\t\t<\/div>\n\t\t","protected":false},"excerpt":{"rendered":"<p>GOOGLE SERVICE OCH REPARATION GOOGLE SERVICE OCH REPARATION GOOGLE TELEFONREPARATON F\u00f6r att garantera b\u00e4sta m\u00f6jliga slutresultat anv\u00e4nds alltid h\u00f6gkvalitativa och certifierade reservdelar i v\u00e5ra reparationer, oavsett om det \u00e4r fr\u00e5gan om reparation av sk\u00e4rm, kamera eller byte av batteri. GOOGLE TELEFONREPARATION F\u00f6r att garantera b\u00e4sta m\u00f6jliga slutresultat anv\u00e4nds alltid h\u00f6gkvalitativa och certifierade reservdelar i v\u00e5ra [&hellip;]<\/p>\n","protected":false},"author":1,"featured_media":0,"parent":451,"menu_order":0,"comment_status":"closed","ping_status":"closed","template":"elementor_header_footer","meta":{"footnotes":""},"class_list":["post-757","page","type-page","status-publish","hentry"],"_links":{"self":[{"href":"https:\/\/www.iglobal.fi\/sv\/wp-json\/wp\/v2\/pages\/757","targetHints":{"allow":["GET"]}}],"collection":[{"href":"https:\/\/www.iglobal.fi\/sv\/wp-json\/wp\/v2\/pages"}],"about":[{"href":"https:\/\/www.iglobal.fi\/sv\/wp-json\/wp\/v2\/types\/page"}],"author":[{"embeddable":true,"href":"https:\/\/www.iglobal.fi\/sv\/wp-json\/wp\/v2\/users\/1"}],"replies":[{"embeddable":true,"href":"https:\/\/www.iglobal.fi\/sv\/wp-json\/wp\/v2\/comments?post=757"}],"version-history":[{"count":34,"href":"https:\/\/www.iglobal.fi\/sv\/wp-json\/wp\/v2\/pages\/757\/revisions"}],"predecessor-version":[{"id":3702,"href":"https:\/\/www.iglobal.fi\/sv\/wp-json\/wp\/v2\/pages\/757\/revisions\/3702"}],"up":[{"embeddable":true,"href":"https:\/\/www.iglobal.fi\/sv\/wp-json\/wp\/v2\/pages\/451"}],"wp:attachment":[{"href":"https:\/\/www.iglobal.fi\/sv\/wp-json\/wp\/v2\/media?parent=757"}],"curies":[{"name":"wp","href":"https:\/\/api.w.org\/{rel}","templated":true}]}}