{"id":3839,"date":"2024-08-28T13:26:33","date_gmt":"2024-08-28T13:26:33","guid":{"rendered":"https:\/\/www.iglobal.fi\/dataskyddsbeskrivning\/"},"modified":"2024-08-28T13:30:45","modified_gmt":"2024-08-28T13:30:45","slug":"dataskyddsbeskrivning","status":"publish","type":"page","link":"https:\/\/www.iglobal.fi\/sv\/dataskyddsbeskrivning\/","title":{"rendered":"Dataskyddsbeskrivning"},"content":{"rendered":"\t\t<div data-elementor-type=\"wp-page\" data-elementor-id=\"3839\" class=\"elementor elementor-3839 elementor-3822\" data-elementor-settings=\"{&quot;element_pack_global_tooltip_width&quot;:{&quot;unit&quot;:&quot;px&quot;,&quot;size&quot;:&quot;&quot;,&quot;sizes&quot;:[]},&quot;element_pack_global_tooltip_width_tablet&quot;:{&quot;unit&quot;:&quot;px&quot;,&quot;size&quot;:&quot;&quot;,&quot;sizes&quot;:[]},&quot;element_pack_global_tooltip_width_mobile&quot;:{&quot;unit&quot;:&quot;px&quot;,&quot;size&quot;:&quot;&quot;,&quot;sizes&quot;:[]},&quot;element_pack_global_tooltip_padding&quot;:{&quot;unit&quot;:&quot;px&quot;,&quot;top&quot;:&quot;&quot;,&quot;right&quot;:&quot;&quot;,&quot;bottom&quot;:&quot;&quot;,&quot;left&quot;:&quot;&quot;,&quot;isLinked&quot;:true},&quot;element_pack_global_tooltip_padding_tablet&quot;:{&quot;unit&quot;:&quot;px&quot;,&quot;top&quot;:&quot;&quot;,&quot;right&quot;:&quot;&quot;,&quot;bottom&quot;:&quot;&quot;,&quot;left&quot;:&quot;&quot;,&quot;isLinked&quot;:true},&quot;element_pack_global_tooltip_padding_mobile&quot;:{&quot;unit&quot;:&quot;px&quot;,&quot;top&quot;:&quot;&quot;,&quot;right&quot;:&quot;&quot;,&quot;bottom&quot;:&quot;&quot;,&quot;left&quot;:&quot;&quot;,&quot;isLinked&quot;:true},&quot;element_pack_global_tooltip_border_radius&quot;:{&quot;unit&quot;:&quot;px&quot;,&quot;top&quot;:&quot;&quot;,&quot;right&quot;:&quot;&quot;,&quot;bottom&quot;:&quot;&quot;,&quot;left&quot;:&quot;&quot;,&quot;isLinked&quot;:true},&quot;element_pack_global_tooltip_border_radius_tablet&quot;:{&quot;unit&quot;:&quot;px&quot;,&quot;top&quot;:&quot;&quot;,&quot;right&quot;:&quot;&quot;,&quot;bottom&quot;:&quot;&quot;,&quot;left&quot;:&quot;&quot;,&quot;isLinked&quot;:true},&quot;element_pack_global_tooltip_border_radius_mobile&quot;:{&quot;unit&quot;:&quot;px&quot;,&quot;top&quot;:&quot;&quot;,&quot;right&quot;:&quot;&quot;,&quot;bottom&quot;:&quot;&quot;,&quot;left&quot;:&quot;&quot;,&quot;isLinked&quot;:true}}\" data-elementor-post-type=\"page\">\n\t\t\t\t\t\t<section class=\"elementor-section elementor-top-section elementor-element elementor-element-2b2f774 elementor-section-boxed elementor-section-height-default elementor-section-height-default\" data-id=\"2b2f774\" data-element_type=\"section\">\n\t\t\t\t\t\t<div class=\"elementor-container elementor-column-gap-default\">\n\t\t\t\t\t<div class=\"elementor-column elementor-col-100 elementor-top-column elementor-element elementor-element-04eadc5\" data-id=\"04eadc5\" data-element_type=\"column\">\n\t\t\t<div class=\"elementor-widget-wrap elementor-element-populated\">\n\t\t\t\t\t\t<div class=\"elementor-element elementor-element-04ac90c elementor-widget elementor-widget-heading\" data-id=\"04ac90c\" data-element_type=\"widget\" data-widget_type=\"heading.default\">\n\t\t\t\t<div class=\"elementor-widget-container\">\n\t\t\t\t\t<h1 class=\"elementor-heading-title elementor-size-default\">Dataskyddsbeskrivning<\/h1>\t\t\t\t<\/div>\n\t\t\t\t<\/div>\n\t\t\t\t<div class=\"elementor-element elementor-element-ef48e99 elementor-widget elementor-widget-text-editor\" data-id=\"ef48e99\" data-element_type=\"widget\" data-widget_type=\"text-editor.default\">\n\t\t\t\t<div class=\"elementor-widget-container\">\n\t\t\t\t\t\t\t\t\t<h4>1. Registeransvarig<\/h4><p>iGlobal Provider Solution Ab Oy<\/p><p>FO-nummer: 2923564-7<\/p><p>Adress: Storgatan 18, 68600 Jakobstad<\/p><p>Telefon: +358 44 7210033<\/p><p>E-post: info@iglobalshop.fi<\/p><p>\u00a0<\/p><h4>2. Registrets namn<\/h4><p>iGlobal Provider Solution Ab Oy:s kund- och direktmarknadsf\u00f6ringsregister<\/p><h4>\u00a0<\/h4><h4>3. Vilka personuppgifter behandlar vi?<\/h4><p>Vi samlar in personuppgifter som du skickar till oss, t.ex. n\u00e4r du registrerar dig hos oss, best\u00e4ller nyhetsbrev, g\u00f6r best\u00e4llningar, kontaktar v\u00e5r kundtj\u00e4nst (per telefon eller i digitala kanaler, inklusive sociala medier), skriver kommentarer. De personuppgifter som vi behandlar \u00e4r ditt namn, eventuell arbetsplats, personbeteckning, n\u00e4radress samt leveransadress, postnummer, postanstalt, e-postadress, telefonnummer, tekniska uppgifter (inneh\u00e5ller anv\u00e4ndarens IP-adress och information om webbl\u00e4saren) samt kakor. Dessutom kan vi samla in vissa personuppgifter fr\u00e5n externa k\u00e4llor, t.ex. kreditupplysningar och adressuppdateringar. Uppgifter kan ocks\u00e5 uppdateras fr\u00e5n myndigheter och andra f\u00f6retag i den m\u00e5n lagen till\u00e5ter.<\/p><h4>\u00a0<\/h4><h4>4. Hur anv\u00e4nds dina personuppgifter?<\/h4><p>Uppgifterna kan anv\u00e4ndas f\u00f6r identifikation, administrering av kundf\u00f6rh\u00e5llande, hantering av best\u00e4llningar, direktmarknadsf\u00f6ring, kundunders\u00f6kningar, nyhetsbrev, analytiska- och profilerings\u00e4ndam\u00e5l, samt f\u00f6r statistikuppf\u00f6ljning. Uppgifterna kan \u00e4ven anv\u00e4ndas f\u00f6r utskick per post, sms och e-post samt f\u00f6r marknadsf\u00f6ring och kontakt via telefon, om du inte inv\u00e4nt mot detta. Uppgifterna kan \u00e4ven anv\u00e4ndas i syfte att f\u00f6rse dig med relevant information och marknadsf\u00f6ring samt f\u00f6r att f\u00f6rb\u00e4ttra v\u00e5ra tj\u00e4nster. Eventuella nyhetsbrev kan du enkelt avregistrera dig fr\u00e5n via en l\u00e4nk i nyhetsbrevet.<\/p><p>iGlobal Provider Solution Ab Oy kan anv\u00e4nda sig av underleverant\u00f6rer och tj\u00e4nsteleverant\u00f6rer f\u00f6r uppr\u00e4tth\u00e5llande av tj\u00e4nster, tryck och distribution, kundservice, betalningsf\u00f6rmedlare och kreditf\u00f6retag f\u00f6r betalning eller kreditupplysning, administration och analysering av anv\u00e4ndaruppgifter, unders\u00f6kningar, kundmeddelanden samt genomf\u00f6rande av diverse kampanjer. Dina personuppgifter kan \u00f6verl\u00e5tas till, underleverant\u00f6rer och tj\u00e4nsteleverant\u00f6rer endast i den m\u00e5n de deltar i f\u00f6rverkligandet av de anv\u00e4ndnings\u00e4ndam\u00e5l som fastst\u00e4lls i denna dataskyddsbeskrivning.<\/p><p>Ovann\u00e4mnda dylika tredje parter f\u00e5r inte anv\u00e4nda dina uppgifter till n\u00e5got annat \u00e4n de \u00e4ndam\u00e5l som n\u00e4mns i denna beskrivning och till de \u00e4ndam\u00e5l som iGlobal Provider Solution Ab Oy fastst\u00e4llt. Vi f\u00f6rpliktar dem att h\u00e5lla dina uppgifter hemliga och att s\u00e4kerst\u00e4lla att dataskyddet \u00e4r p\u00e5 en tillr\u00e4ckligt h\u00f6g niv\u00e5 f\u00f6r att skydda dina personuppgifter.<\/p><p>Uppgifterna kommer inte att l\u00e4mnas ut utanf\u00f6r EU \/ EES-l\u00e4nderna om det inte \u00e4r n\u00f6dv\u00e4ndigt f\u00f6r det tekniska genomf\u00f6randet av iGlobal Provider Solution Ab Oy eller samarbetspartners service. iGlobal Provider Solution Ab Oy ansvarar f\u00f6r att f\u00f6rverkligandet av \u00f6verf\u00f6ringen sker p\u00e5 l\u00e4mpligt och lagenligt s\u00e4tt i enlighet med lagstiftningen g\u00e4llande behandling av personuppgifter.<\/p><p>Dina personuppgifter kan \u00f6verl\u00e5tas i enlighet med de krav som en beh\u00f6rig myndighet st\u00e4ller samt i enlighet med de f\u00f6ruts\u00e4ttningar som baserar sig p\u00e5 lag.<\/p><h4>\u00a0<\/h4><h4>5. Hur skyddar vi dina personuppgifter?<\/h4><p>Att skydda registrerade uppgifter \u00e4r ytterst viktigt f\u00f6r oss p\u00e5 iGlobal Provider Solution Ab Oy. Informationen lagras i elektroniska system som \u00e4r skyddade med brandmurar, l\u00f6senord och andra l\u00e4mpliga tekniska l\u00f6sningar. Endast de som \u00e4r i v\u00e5r tj\u00e4nst samt andra definierade personer som beh\u00f6ver informationen f\u00f6r att sk\u00f6ta sina uppgifter har tillg\u00e5ng till informationen. Alla de som anv\u00e4nder uppgifter i registret \u00e4r bundna av sekretessplikt.<\/p><h4>\u00a0<\/h4><h4>6. Hur l\u00e4nge sparas mina personuppgifter?<\/h4><p>Personuppgifter lagras endast s\u00e5 l\u00e4nge det \u00e4r n\u00f6dv\u00e4ndigt f\u00f6r att f\u00f6rverkliga de anv\u00e4ndnings\u00e4ndam\u00e5l som fastst\u00e4lls i denna dataskyddsbeskrivning med beaktande av de begr\u00e4nsningar som fastst\u00e4llts i lag. P\u00e5 grund av f\u00f6rpliktelser i till\u00e4mplig lag kan iGlobal Provider Solution Ab Oy vara tvungen att lagra uppgifter l\u00e4ngre \u00e4n den ovann\u00e4mnda tidsperioden.<\/p><p>F\u00f6r\u00e5ldrade och on\u00f6diga uppgifter f\u00f6rst\u00f6rs p\u00e5 vederb\u00f6rligt s\u00e4tt. Personuppgifterna f\u00f6rs in i registret i den form den registrerade gett dem och de uppdateras i enlighet med den registrerades meddelande till oss.<\/p><h4>\u00a0<\/h4><h4>7. Tillg\u00e5ng till, uppdatera, korrigera och ta bort dina personuppgifter<\/h4><p>Du har som kund r\u00e4tt att kontrollera vilka uppgifter om dig som finns sparade i v\u00e5rt kund- och direktmarknadsf\u00f6ringsregister. R\u00e4tten till insyn kan nekas p\u00e5 de grunder som f\u00f6reskrivs i lag. Att anv\u00e4nda sig av insynsr\u00e4tten \u00e4r som utg\u00e5ngspunkt avgiftsfritt. Du har som registrerad kund n\u00e4r som helst r\u00e4tt att mots\u00e4tta dig behandling av uppgifter som ber\u00f6r dig om du upplever att iGlobal Provider Solution Ab Oy har behandlat informationen lagstridigt eller att vi inte har r\u00e4tt att behandla uppgifter som ber\u00f6r dig. Mots\u00e4ttningsr\u00e4tten g\u00e4ller dock inte f\u00f6r den del som behandling av uppgifterna \u00e4r n\u00f6dv\u00e4ndig f\u00f6r att iGlobal Provider Solution Ab Oy ska kunna uppfylla sin lagstadgade skyldighet eller p\u00e5 annan grund som f\u00f6reskrivs i lag.<\/p><p>Du har r\u00e4tt att f\u00e5 felaktiga uppgifter korrigerade eller bristf\u00e4lliga uppgifter kompletterade samt r\u00e4tt att kr\u00e4va att uppgifter som ber\u00f6r dig raderas ur iGlobal Provider Solution Ab Oy:s kund- och direktmarknadsf\u00f6ringsregister. Elimineringsr\u00e4tten g\u00e4ller dock inte f\u00f6r den del som behandling och lagring av uppgifterna \u00e4r n\u00f6dv\u00e4ndig f\u00f6r att iGlobal Provider Solution Ab Oy ska kunna f\u00f6lja sin lagstadgade skyldighet eller p\u00e5 annan grund som f\u00f6reskrivs i lag.<\/p><p>I den m\u00e5n du sj\u00e4lv har levererat uppgifter till iGlobal Provider Solution Ab Oy:s kund- och direktmarknadsf\u00f6ringsregister och dessa uppgifter behandlas med ditt medgivande eller uppdrag som grund, har du r\u00e4tt att f\u00e5 dylika uppgifter i huvudsak i elektronisk form samt r\u00e4tt att \u00f6verf\u00f6ra dessa uppgifter till en annan registeransvarig.<\/p><p>Du kan n\u00e4r som helst kontakta oss f\u00f6r att avbryta marknadsf\u00f6ring mot dig som kund. Du kan \u00e4ven kontakta oss och be iGlobal Provider Solution Ab Oy och alla tredje parter att radera insamlade personuppgifter som tillh\u00f6r dig.<\/p><p>Om din information behandlas baserat p\u00e5 ditt samtycke har du r\u00e4tt att \u00e5terkalla ditt samtycke genom att kontakta oss i enlighet med denna dataskyddsbeskrivning.<\/p><p>Du b\u00f6r s\u00e4nda en beg\u00e4ran som g\u00e4ller dina r\u00e4ttigheter per post eller e-post till den adress som n\u00e4mns i punkt 1 ovan. iGlobal Provider Solution Ab Oy kan be dig att specificera din beg\u00e4ran och att bestyrka din identitet f\u00f6re beg\u00e4ran behandlas. iGlobal Provider Solution Ab Oy kan neka att beg\u00e4ran uppfylls p\u00e5 grunder som f\u00f6reskrivs i den till\u00e4mpliga lagen. iGlobal Provider Solution Ab Oy svarar p\u00e5 beg\u00e4ran inom en (1) m\u00e5nad fr\u00e5n att beg\u00e4ran har framst\u00e4llts om det inte finns speciella sk\u00e4l att f\u00f6rl\u00e4nga svarstiden.<\/p><p>Du har r\u00e4tt att anf\u00f6ra besv\u00e4r hos den beh\u00f6riga tillsynsmyndigheten om iGlobal Provider Solution Ab Oy inte har iakttagit den till\u00e4mpliga dataskyddsregleringen.<\/p><h4>\u00a0<\/h4><h4>8. L\u00e4nkar<\/h4><p>V\u00e5r webbsida iglobal.fi kan inneh\u00e5lla l\u00e4nkar till andra webbplatser. Denna dataskyddsbeskrivning g\u00e4ller enbart v\u00e5r webbplats. N\u00e4r du l\u00e4nkas till annan webbplats b\u00f6r du l\u00e4sa dataskyddsbeskrivningen som g\u00e4ller den sidan. iGlobal Provider Solution Ab Oy inte tar ansvar f\u00f6r andra webbplatsers behandling av dina personuppgifter.<\/p><h4>\u00a0<\/h4><h4>9. Cookies<\/h4><p>P\u00e5 iGlobal Provider Solution Ab Oy:s n\u00e4tsidor anv\u00e4nds kakor (cookies). F\u00f6r att n\u00e4tsidorna ska fungera optimalt skall din webbl\u00e4sare vara inst\u00e4lld s\u00e5 att den till\u00e5ter cookies. Med dessa samlas teknisk information och information om hur sidorna anv\u00e4nds. Tack vare denna information utvecklas sidorna att motsvara kundernas behov. Du kan vid behov avaktivera cookies i webbl\u00e4sarens inst\u00e4llningar. Om funktionen avaktiveras kan detta leda till att vissa webbplatsers aktivitet blir l\u00e5ngsammare eller att tilltr\u00e4det till vissa webbplatser blockeras helt.<\/p><h4>\u00a0<\/h4><h4>10. \u00c4ndring av dataskyddsbeskrivning<\/h4><p>iGlobal Provider Solution Ab Oy utvecklar st\u00e4ndigt sin aff\u00e4rsverksamhet och f\u00f6rbeh\u00e5ller sig d\u00e4rf\u00f6r r\u00e4tten att \u00e4ndra denna dataskyddsbeskrivning genom att meddela om detta p\u00e5 sin webbplats. \u00c4ndringarna kan ocks\u00e5 basera sig p\u00e5 \u00e4ndringar i lagstiftningen. Vi rekommenderar att du regelbundet bekantar sig med inneh\u00e5llet i dataskyddsbeskrivningen.<\/p>\t\t\t\t\t\t\t\t<\/div>\n\t\t\t\t<\/div>\n\t\t\t\t\t<\/div>\n\t\t<\/div>\n\t\t\t\t\t<\/div>\n\t\t<\/section>\n\t\t\t\t<\/div>\n\t\t","protected":false},"excerpt":{"rendered":"<p>Dataskyddsbeskrivning 1. Registeransvarig iGlobal Provider Solution Ab Oy FO-nummer: 2923564-7 Adress: Storgatan 18, 68600 Jakobstad Telefon: +358 44 7210033 E-post: info@iglobalshop.fi \u00a0 2. Registrets namn iGlobal Provider Solution Ab Oy:s kund- och direktmarknadsf\u00f6ringsregister \u00a0 3. Vilka personuppgifter behandlar vi? Vi samlar in personuppgifter som du skickar till oss, t.ex. n\u00e4r du registrerar dig hos oss, [&hellip;]<\/p>\n","protected":false},"author":1,"featured_media":0,"parent":0,"menu_order":0,"comment_status":"closed","ping_status":"closed","template":"","meta":{"footnotes":""},"class_list":["post-3839","page","type-page","status-publish","hentry"],"_links":{"self":[{"href":"https:\/\/www.iglobal.fi\/sv\/wp-json\/wp\/v2\/pages\/3839","targetHints":{"allow":["GET"]}}],"collection":[{"href":"https:\/\/www.iglobal.fi\/sv\/wp-json\/wp\/v2\/pages"}],"about":[{"href":"https:\/\/www.iglobal.fi\/sv\/wp-json\/wp\/v2\/types\/page"}],"author":[{"embeddable":true,"href":"https:\/\/www.iglobal.fi\/sv\/wp-json\/wp\/v2\/users\/1"}],"replies":[{"embeddable":true,"href":"https:\/\/www.iglobal.fi\/sv\/wp-json\/wp\/v2\/comments?post=3839"}],"version-history":[{"count":4,"href":"https:\/\/www.iglobal.fi\/sv\/wp-json\/wp\/v2\/pages\/3839\/revisions"}],"predecessor-version":[{"id":3843,"href":"https:\/\/www.iglobal.fi\/sv\/wp-json\/wp\/v2\/pages\/3839\/revisions\/3843"}],"wp:attachment":[{"href":"https:\/\/www.iglobal.fi\/sv\/wp-json\/wp\/v2\/media?parent=3839"}],"curies":[{"name":"wp","href":"https:\/\/api.w.org\/{rel}","templated":true}]}}