{"id":3711,"date":"2023-11-09T13:29:05","date_gmt":"2023-11-09T13:29:05","guid":{"rendered":"https:\/\/www.iglobal.fi\/?page_id=3711"},"modified":"2023-11-10T11:42:26","modified_gmt":"2023-11-10T11:42:26","slug":"motorola","status":"publish","type":"page","link":"https:\/\/www.iglobal.fi\/sv\/telefonservice\/motorola\/","title":{"rendered":"Motorola"},"content":{"rendered":"\t\t<div data-elementor-type=\"wp-page\" data-elementor-id=\"3711\" class=\"elementor elementor-3711 elementor-3676\" data-elementor-settings=\"{&quot;element_pack_global_tooltip_width&quot;:{&quot;unit&quot;:&quot;px&quot;,&quot;size&quot;:&quot;&quot;,&quot;sizes&quot;:[]},&quot;element_pack_global_tooltip_width_tablet&quot;:{&quot;unit&quot;:&quot;px&quot;,&quot;size&quot;:&quot;&quot;,&quot;sizes&quot;:[]},&quot;element_pack_global_tooltip_width_mobile&quot;:{&quot;unit&quot;:&quot;px&quot;,&quot;size&quot;:&quot;&quot;,&quot;sizes&quot;:[]},&quot;element_pack_global_tooltip_padding&quot;:{&quot;unit&quot;:&quot;px&quot;,&quot;top&quot;:&quot;&quot;,&quot;right&quot;:&quot;&quot;,&quot;bottom&quot;:&quot;&quot;,&quot;left&quot;:&quot;&quot;,&quot;isLinked&quot;:true},&quot;element_pack_global_tooltip_padding_tablet&quot;:{&quot;unit&quot;:&quot;px&quot;,&quot;top&quot;:&quot;&quot;,&quot;right&quot;:&quot;&quot;,&quot;bottom&quot;:&quot;&quot;,&quot;left&quot;:&quot;&quot;,&quot;isLinked&quot;:true},&quot;element_pack_global_tooltip_padding_mobile&quot;:{&quot;unit&quot;:&quot;px&quot;,&quot;top&quot;:&quot;&quot;,&quot;right&quot;:&quot;&quot;,&quot;bottom&quot;:&quot;&quot;,&quot;left&quot;:&quot;&quot;,&quot;isLinked&quot;:true},&quot;element_pack_global_tooltip_border_radius&quot;:{&quot;unit&quot;:&quot;px&quot;,&quot;top&quot;:&quot;&quot;,&quot;right&quot;:&quot;&quot;,&quot;bottom&quot;:&quot;&quot;,&quot;left&quot;:&quot;&quot;,&quot;isLinked&quot;:true},&quot;element_pack_global_tooltip_border_radius_tablet&quot;:{&quot;unit&quot;:&quot;px&quot;,&quot;top&quot;:&quot;&quot;,&quot;right&quot;:&quot;&quot;,&quot;bottom&quot;:&quot;&quot;,&quot;left&quot;:&quot;&quot;,&quot;isLinked&quot;:true},&quot;element_pack_global_tooltip_border_radius_mobile&quot;:{&quot;unit&quot;:&quot;px&quot;,&quot;top&quot;:&quot;&quot;,&quot;right&quot;:&quot;&quot;,&quot;bottom&quot;:&quot;&quot;,&quot;left&quot;:&quot;&quot;,&quot;isLinked&quot;:true}}\" data-elementor-post-type=\"page\">\n\t\t\t\t\t\t<section class=\"elementor-section elementor-top-section elementor-element elementor-element-d3728f2 elementor-hidden-desktop elementor-hidden-phone elementor-section-boxed elementor-section-height-default elementor-section-height-default\" data-id=\"d3728f2\" data-element_type=\"section\">\n\t\t\t\t\t\t<div class=\"elementor-container elementor-column-gap-default\">\n\t\t\t\t\t<div class=\"elementor-column elementor-col-100 elementor-top-column elementor-element elementor-element-9c6c6f6\" data-id=\"9c6c6f6\" data-element_type=\"column\">\n\t\t\t<div class=\"elementor-widget-wrap elementor-element-populated\">\n\t\t\t\t\t\t<div class=\"elementor-element elementor-element-5d7df62 elementor-widget elementor-widget-heading\" data-id=\"5d7df62\" data-element_type=\"widget\" data-widget_type=\"heading.default\">\n\t\t\t\t<div class=\"elementor-widget-container\">\n\t\t\t\t\t<h1 class=\"elementor-heading-title elementor-size-default\">MOTOROLA SERVICE OCH REPARATION<\/h1>\t\t\t\t<\/div>\n\t\t\t\t<\/div>\n\t\t\t\t\t<\/div>\n\t\t<\/div>\n\t\t\t\t\t<\/div>\n\t\t<\/section>\n\t\t\t\t<section class=\"elementor-section elementor-top-section elementor-element elementor-element-1582cb8 elementor-section-boxed elementor-section-height-default elementor-section-height-default\" data-id=\"1582cb8\" data-element_type=\"section\">\n\t\t\t\t\t\t<div class=\"elementor-container elementor-column-gap-default\">\n\t\t\t\t\t<div class=\"elementor-column elementor-col-50 elementor-top-column elementor-element elementor-element-346f395\" data-id=\"346f395\" data-element_type=\"column\">\n\t\t\t<div class=\"elementor-widget-wrap elementor-element-populated\">\n\t\t\t\t\t\t<div class=\"elementor-element elementor-element-0f89e45 elementor-invisible elementor-widget elementor-widget-image\" data-id=\"0f89e45\" data-element_type=\"widget\" data-settings=\"{&quot;_animation&quot;:&quot;slideInLeft&quot;,&quot;_animation_mobile&quot;:&quot;none&quot;}\" data-widget_type=\"image.default\">\n\t\t\t\t<div class=\"elementor-widget-container\">\n\t\t\t\t\t\t\t\t\t\t\t\t\t\t\t<img decoding=\"async\" data-src=\"https:\/\/www.iglobal.fi\/wp-content\/uploads\/2023\/11\/motorola-bild.webp\" title=\"motorola bild\" alt=\"iGlobal Puhelinhuolto Motorola\" src=\"data:image\/svg+xml;base64,PHN2ZyB3aWR0aD0iMSIgaGVpZ2h0PSIxIiB4bWxucz0iaHR0cDovL3d3dy53My5vcmcvMjAwMC9zdmciPjwvc3ZnPg==\" class=\"lazyload\" style=\"--smush-placeholder-width: 676px; --smush-placeholder-aspect-ratio: 676\/840;\" \/>\t\t\t\t\t\t\t\t\t\t\t\t\t\t\t<\/div>\n\t\t\t\t<\/div>\n\t\t\t\t\t<\/div>\n\t\t<\/div>\n\t\t\t\t<div class=\"elementor-column elementor-col-50 elementor-top-column elementor-element elementor-element-8b5d336\" data-id=\"8b5d336\" data-element_type=\"column\">\n\t\t\t<div class=\"elementor-widget-wrap elementor-element-populated\">\n\t\t\t\t\t\t<div class=\"elementor-element elementor-element-58469bb elementor-hidden-tablet elementor-widget elementor-widget-heading\" data-id=\"58469bb\" data-element_type=\"widget\" data-widget_type=\"heading.default\">\n\t\t\t\t<div class=\"elementor-widget-container\">\n\t\t\t\t\t<h1 class=\"elementor-heading-title elementor-size-default\"><b>MOTOROLA SERVICE OCH REPARATION<\/b><\/h1>\t\t\t\t<\/div>\n\t\t\t\t<\/div>\n\t\t\t\t<div class=\"elementor-element elementor-element-15d03f8 elementor-view-stacked elementor-position-inline-start animated-fast elementor-hidden-desktop elementor-hidden-tablet elementor-shape-circle elementor-mobile-position-block-start elementor-invisible elementor-widget elementor-widget-icon-box\" data-id=\"15d03f8\" data-element_type=\"widget\" data-settings=\"{&quot;_animation&quot;:&quot;slideInRight&quot;,&quot;_animation_mobile&quot;:&quot;zoomIn&quot;}\" data-widget_type=\"icon-box.default\">\n\t\t\t\t<div class=\"elementor-widget-container\">\n\t\t\t\t\t\t\t<div class=\"elementor-icon-box-wrapper\">\n\n\t\t\t\t\t\t<div class=\"elementor-icon-box-icon\">\n\t\t\t\t<span  class=\"elementor-icon elementor-animation-pulse-grow\">\n\t\t\t\t<i aria-hidden=\"true\" class=\"fas fa-wrench\"><\/i>\t\t\t\t<\/span>\n\t\t\t<\/div>\n\t\t\t\n\t\t\t\t\t\t<div class=\"elementor-icon-box-content\">\n\n\t\t\t\t\t\t\t\t\t<h3 class=\"elementor-icon-box-title\">\n\t\t\t\t\t\t<span  >\n\t\t\t\t\t\t\tMOTOROLA TELEFONREPARATON\t\t\t\t\t\t<\/span>\n\t\t\t\t\t<\/h3>\n\t\t\t\t\n\t\t\t\t\t\t\t\t\t<p class=\"elementor-icon-box-description\">\n\t\t\t\t\t\tF\u00f6r att garantera b\u00e4sta m\u00f6jliga slutresultat anv\u00e4nds alltid h\u00f6gkvalitativa och certifierade reservdelar i v\u00e5ra reparationer, oavsett om det \u00e4r fr\u00e5gan om reparation av sk\u00e4rm, kamera eller byte av batteri.\t\t\t\t\t<\/p>\n\t\t\t\t\n\t\t\t<\/div>\n\t\t\t\n\t\t<\/div>\n\t\t\t\t\t\t<\/div>\n\t\t\t\t<\/div>\n\t\t\t\t<div class=\"elementor-element elementor-element-99c74ba elementor-view-stacked elementor-position-inline-start animated-fast elementor-hidden-phone elementor-shape-circle elementor-mobile-position-block-start elementor-invisible elementor-widget elementor-widget-icon-box\" data-id=\"99c74ba\" data-element_type=\"widget\" data-settings=\"{&quot;_animation&quot;:&quot;slideInRight&quot;,&quot;_animation_mobile&quot;:&quot;zoomIn&quot;}\" data-widget_type=\"icon-box.default\">\n\t\t\t\t<div class=\"elementor-widget-container\">\n\t\t\t\t\t\t\t<div class=\"elementor-icon-box-wrapper\">\n\n\t\t\t\t\t\t<div class=\"elementor-icon-box-icon\">\n\t\t\t\t<span  class=\"elementor-icon elementor-animation-pulse-grow\">\n\t\t\t\t<i aria-hidden=\"true\" class=\"fas fa-wrench\"><\/i>\t\t\t\t<\/span>\n\t\t\t<\/div>\n\t\t\t\n\t\t\t\t\t\t<div class=\"elementor-icon-box-content\">\n\n\t\t\t\t\t\t\t\t\t<h3 class=\"elementor-icon-box-title\">\n\t\t\t\t\t\t<span  >\n\t\t\t\t\t\t\tMOTOROLA TELEFONREPARATION \t\t\t\t\t\t<\/span>\n\t\t\t\t\t<\/h3>\n\t\t\t\t\n\t\t\t\t\t\t\t\t\t<p class=\"elementor-icon-box-description\">\n\t\t\t\t\t\tF\u00f6r att garantera b\u00e4sta m\u00f6jliga slutresultat anv\u00e4nds alltid h\u00f6gkvalitativa och certifierade reservdelar i v\u00e5ra reparationer, oavsett om det \u00e4r fr\u00e5gan om reparation av sk\u00e4rm, kamera eller byte av batteri.\t\t\t\t\t<\/p>\n\t\t\t\t\n\t\t\t<\/div>\n\t\t\t\n\t\t<\/div>\n\t\t\t\t\t\t<\/div>\n\t\t\t\t<\/div>\n\t\t\t\t<div class=\"elementor-element elementor-element-e76c6ed elementor-view-stacked elementor-position-inline-start animated-fast elementor-hidden-desktop elementor-hidden-tablet elementor-shape-circle elementor-mobile-position-block-start elementor-invisible elementor-widget elementor-widget-icon-box\" data-id=\"e76c6ed\" data-element_type=\"widget\" data-settings=\"{&quot;_animation&quot;:&quot;slideInRight&quot;,&quot;_animation_mobile&quot;:&quot;zoomIn&quot;,&quot;_animation_delay&quot;:0}\" data-widget_type=\"icon-box.default\">\n\t\t\t\t<div class=\"elementor-widget-container\">\n\t\t\t\t\t\t\t<div class=\"elementor-icon-box-wrapper\">\n\n\t\t\t\t\t\t<div class=\"elementor-icon-box-icon\">\n\t\t\t\t<span  class=\"elementor-icon elementor-animation-pulse-grow\">\n\t\t\t\t<i aria-hidden=\"true\" class=\"fas fa-rocket\"><\/i>\t\t\t\t<\/span>\n\t\t\t<\/div>\n\t\t\t\n\t\t\t\t\t\t<div class=\"elementor-icon-box-content\">\n\n\t\t\t\t\t\t\t\t\t<h3 class=\"elementor-icon-box-title\">\n\t\t\t\t\t\t<span  >\n\t\t\t\t\t\t\tSNABB OCH EFFEKTIV SERVICE\t\t\t\t\t\t<\/span>\n\t\t\t\t\t<\/h3>\n\t\t\t\t\n\t\t\t\t\t\t\t\t\t<p class=\"elementor-icon-box-description\">\n\t\t\t\t\t\tI dagens l\u00e4ge \u00e4r smarttelefonen n\u00e5got man inte vill vara utan speciellt l\u00e4nge. P\u00e5 iGlobal Solution str\u00e4var vi alltid efter att betj\u00e4na v\u00e5ra kunder s\u00e5 snabbt och effektivt som m\u00f6jligt med minimal v\u00e4ntetid. \u00c4ven utan f\u00f6rbest\u00e4lld tid.\t\t\t\t\t<\/p>\n\t\t\t\t\n\t\t\t<\/div>\n\t\t\t\n\t\t<\/div>\n\t\t\t\t\t\t<\/div>\n\t\t\t\t<\/div>\n\t\t\t\t<div class=\"elementor-element elementor-element-1ca546c elementor-view-stacked elementor-position-inline-start animated-fast elementor-hidden-phone elementor-shape-circle elementor-mobile-position-block-start elementor-invisible elementor-widget elementor-widget-icon-box\" data-id=\"1ca546c\" data-element_type=\"widget\" data-settings=\"{&quot;_animation&quot;:&quot;slideInRight&quot;,&quot;_animation_mobile&quot;:&quot;zoomIn&quot;,&quot;_animation_delay&quot;:500}\" data-widget_type=\"icon-box.default\">\n\t\t\t\t<div class=\"elementor-widget-container\">\n\t\t\t\t\t\t\t<div class=\"elementor-icon-box-wrapper\">\n\n\t\t\t\t\t\t<div class=\"elementor-icon-box-icon\">\n\t\t\t\t<span  class=\"elementor-icon elementor-animation-pulse-grow\">\n\t\t\t\t<i aria-hidden=\"true\" class=\"fas fa-rocket\"><\/i>\t\t\t\t<\/span>\n\t\t\t<\/div>\n\t\t\t\n\t\t\t\t\t\t<div class=\"elementor-icon-box-content\">\n\n\t\t\t\t\t\t\t\t\t<h3 class=\"elementor-icon-box-title\">\n\t\t\t\t\t\t<span  >\n\t\t\t\t\t\t\tSNABB OCH EFFEKTIV SERVICE\t\t\t\t\t\t<\/span>\n\t\t\t\t\t<\/h3>\n\t\t\t\t\n\t\t\t\t\t\t\t\t\t<p class=\"elementor-icon-box-description\">\n\t\t\t\t\t\tI dagens l\u00e4ge \u00e4r smarttelefonen n\u00e5got man inte vill vara utan speciellt l\u00e4nge. P\u00e5 iGlobal Solution str\u00e4var vi alltid efter att betj\u00e4na v\u00e5ra kunder s\u00e5 snabbt och effektivt som m\u00f6jligt med minimal v\u00e4ntetid. \u00c4ven utan f\u00f6rbest\u00e4lld tid.\t\t\t\t\t<\/p>\n\t\t\t\t\n\t\t\t<\/div>\n\t\t\t\n\t\t<\/div>\n\t\t\t\t\t\t<\/div>\n\t\t\t\t<\/div>\n\t\t\t\t<div class=\"elementor-element elementor-element-4613817 elementor-view-stacked elementor-position-inline-start animated-fast elementor-hidden-desktop elementor-hidden-tablet elementor-shape-circle elementor-mobile-position-block-start elementor-invisible elementor-widget elementor-widget-icon-box\" data-id=\"4613817\" data-element_type=\"widget\" data-settings=\"{&quot;_animation&quot;:&quot;slideInRight&quot;,&quot;_animation_mobile&quot;:&quot;zoomIn&quot;,&quot;_animation_delay&quot;:0}\" data-widget_type=\"icon-box.default\">\n\t\t\t\t<div class=\"elementor-widget-container\">\n\t\t\t\t\t\t\t<div class=\"elementor-icon-box-wrapper\">\n\n\t\t\t\t\t\t<div class=\"elementor-icon-box-icon\">\n\t\t\t\t<span  class=\"elementor-icon elementor-animation-pulse-grow\">\n\t\t\t\t<i aria-hidden=\"true\" class=\"fas fa-chart-line\"><\/i>\t\t\t\t<\/span>\n\t\t\t<\/div>\n\t\t\t\n\t\t\t\t\t\t<div class=\"elementor-icon-box-content\">\n\n\t\t\t\t\t\t\t\t\t<h3 class=\"elementor-icon-box-title\">\n\t\t\t\t\t\t<span  >\n\t\t\t\t\t\t\tKONTINUERLIG MARKNADS\u00d6VERVAKNING\t\t\t\t\t\t<\/span>\n\t\t\t\t\t<\/h3>\n\t\t\t\t\n\t\t\t\t\t\t\t\t\t<p class=\"elementor-icon-box-description\">\n\t\t\t\t\t\tF\u00f6r att kunna erbjuda v\u00e5ra kunder b\u00e4sta m\u00f6jliga service och expertis, f\u00f6ljer vi konstant med utvecklingen i branschen. Det betyder i praktiken \u00f6vervakning av kommande telefonmodeller, olika modellers typiska problemomr\u00e5den samt tillg\u00e4nglighet av h\u00f6gkvalitativa reservdelar.\t\t\t\t\t<\/p>\n\t\t\t\t\n\t\t\t<\/div>\n\t\t\t\n\t\t<\/div>\n\t\t\t\t\t\t<\/div>\n\t\t\t\t<\/div>\n\t\t\t\t<div class=\"elementor-element elementor-element-b2d16fd elementor-view-stacked elementor-position-inline-start animated-fast elementor-hidden-phone elementor-shape-circle elementor-mobile-position-block-start elementor-invisible elementor-widget elementor-widget-icon-box\" data-id=\"b2d16fd\" data-element_type=\"widget\" data-settings=\"{&quot;_animation&quot;:&quot;slideInRight&quot;,&quot;_animation_mobile&quot;:&quot;zoomIn&quot;,&quot;_animation_delay&quot;:1000}\" data-widget_type=\"icon-box.default\">\n\t\t\t\t<div class=\"elementor-widget-container\">\n\t\t\t\t\t\t\t<div class=\"elementor-icon-box-wrapper\">\n\n\t\t\t\t\t\t<div class=\"elementor-icon-box-icon\">\n\t\t\t\t<span  class=\"elementor-icon elementor-animation-pulse-grow\">\n\t\t\t\t<i aria-hidden=\"true\" class=\"fas fa-chart-line\"><\/i>\t\t\t\t<\/span>\n\t\t\t<\/div>\n\t\t\t\n\t\t\t\t\t\t<div class=\"elementor-icon-box-content\">\n\n\t\t\t\t\t\t\t\t\t<h3 class=\"elementor-icon-box-title\">\n\t\t\t\t\t\t<span  >\n\t\t\t\t\t\t\tKONTINUERLIG MARKNADS\u00d6VERVAKNING\t\t\t\t\t\t<\/span>\n\t\t\t\t\t<\/h3>\n\t\t\t\t\n\t\t\t\t\t\t\t\t\t<p class=\"elementor-icon-box-description\">\n\t\t\t\t\t\tF\u00f6r att kunna erbjuda v\u00e5ra kunder b\u00e4sta m\u00f6jliga service och expertis, f\u00f6ljer vi konstant med utvecklingen i branschen. Det betyder i praktiken \u00f6vervakning av kommande telefonmodeller, olika modellers typiska problemomr\u00e5den samt tillg\u00e4nglighet av h\u00f6gkvalitativa reservdelar.\t\t\t\t\t<\/p>\n\t\t\t\t\n\t\t\t<\/div>\n\t\t\t\n\t\t<\/div>\n\t\t\t\t\t\t<\/div>\n\t\t\t\t<\/div>\n\t\t\t\t\t<\/div>\n\t\t<\/div>\n\t\t\t\t\t<\/div>\n\t\t<\/section>\n\t\t\t\t<section class=\"elementor-section elementor-top-section elementor-element elementor-element-cbf65d0 elementor-section-full_width elementor-section-height-default elementor-section-height-default\" data-id=\"cbf65d0\" data-element_type=\"section\">\n\t\t\t\t\t\t<div class=\"elementor-container elementor-column-gap-default\">\n\t\t\t\t\t<div class=\"elementor-column elementor-col-100 elementor-top-column elementor-element elementor-element-ef43b78\" data-id=\"ef43b78\" data-element_type=\"column\">\n\t\t\t<div class=\"elementor-widget-wrap elementor-element-populated\">\n\t\t\t\t\t\t<section class=\"elementor-section elementor-inner-section elementor-element elementor-element-9c599b7 elementor-section-boxed elementor-section-height-default elementor-section-height-default\" data-id=\"9c599b7\" data-element_type=\"section\">\n\t\t\t\t\t\t<div class=\"elementor-container elementor-column-gap-default\">\n\t\t\t\t\t<div class=\"elementor-column elementor-col-50 elementor-inner-column elementor-element elementor-element-84513fe\" data-id=\"84513fe\" data-element_type=\"column\">\n\t\t\t<div class=\"elementor-widget-wrap elementor-element-populated\">\n\t\t\t\t\t\t<div class=\"elementor-element elementor-element-6897e8e elementor-icon-list--layout-traditional elementor-list-item-link-full_width elementor-widget elementor-widget-icon-list\" data-id=\"6897e8e\" data-element_type=\"widget\" data-widget_type=\"icon-list.default\">\n\t\t\t\t<div class=\"elementor-widget-container\">\n\t\t\t\t\t\t\t<ul class=\"elementor-icon-list-items\">\n\t\t\t\t\t\t\t<li class=\"elementor-icon-list-item\">\n\t\t\t\t\t\t\t\t\t\t\t<span class=\"elementor-icon-list-icon\">\n\t\t\t\t\t\t\t<i aria-hidden=\"true\" class=\"fas fa-info-circle\"><\/i>\t\t\t\t\t\t<\/span>\n\t\t\t\t\t\t\t\t\t\t<span class=\"elementor-icon-list-text\">-10\u20ac Rabatt p\u00e5 batteribyte i samband med sk\u00e4rmbyte <\/span>\n\t\t\t\t\t\t\t\t\t<\/li>\n\t\t\t\t\t\t<\/ul>\n\t\t\t\t\t\t<\/div>\n\t\t\t\t<\/div>\n\t\t\t\t\t<\/div>\n\t\t<\/div>\n\t\t\t\t<div class=\"elementor-column elementor-col-50 elementor-inner-column elementor-element elementor-element-71926b3\" data-id=\"71926b3\" data-element_type=\"column\">\n\t\t\t<div class=\"elementor-widget-wrap\">\n\t\t\t\t\t\t\t<\/div>\n\t\t<\/div>\n\t\t\t\t\t<\/div>\n\t\t<\/section>\n\t\t\t\t<div class=\"elementor-element elementor-element-a512997 bdt-hide-entries-on-mobile-yes elementor-widget elementor-widget-bdt-table\" data-id=\"a512997\" data-element_type=\"widget\" data-widget_type=\"bdt-table.default\">\n\t\t\t\t<div class=\"elementor-widget-container\">\n\t\t\t\t\t\t\t<div class=\"bdt-table bdt-table-default-responsive  bdt-data-table\" id=\"bdt-table-a512997\" data-settings=\"{&quot;paging&quot;:false,&quot;info&quot;:false,&quot;searching&quot;:false,&quot;ordering&quot;:false}\">\n\n\n\t\t\t<table><thead><tr><th>Modell<\/th><th>Sk\u00e4rmbyte<\/th><th>Batteribyte<\/th><th>Laddningsport<\/th><th>Bakglas<\/th><\/tr><\/thead><tbody><tr><td>Motorola E32S<\/td><td>109\u20ac<\/td><td>89\u20ac<\/td><td>79\u20ac<\/td><td>89\u20ac<\/td><\/tr><tr><td>Motorola E32<\/td><td>109\u20ac<\/td><td>89\u20ac<\/td><td>79\u20ac<\/td><td>89\u20ac<\/td><\/tr><tr><td>Motorola E30<\/td><td>99\u20ac<\/td><td>X<\/td><td>79\u20ac<\/td><td>X<\/td><\/tr><tr><td>Motorola E22<\/td><td>119\u20ac<\/td><td>X<\/td><td>79\u20ac<\/td><td>89\u20ac<\/td><\/tr><tr><td>Motorola E20<\/td><td>119\u20ac<\/td><td>89\u20ac<\/td><td>79\u20ac<\/td><td>X<\/td><\/tr><tr><td>Motorola E13<\/td><td>119\u20ac<\/td><td>X<\/td><td>79\u20ac<\/td><td>X<\/td><\/tr><tr><td>Motorola G84<\/td><td>179\u20ac<\/td><td>X<\/td><td>X<\/td><td>99\u20ac<\/td><\/tr><tr><td>Motorola G82<\/td><td>179\u20ac<\/td><td>89\u20ac<\/td><td>79\u20ac<\/td><td>99\u20ac<\/td><\/tr><tr><td>Motorola G73<\/td><td>159\u20ac<\/td><td>99\u20ac<\/td><td>79\u20ac<\/td><td>99\u20ac<\/td><\/tr><tr><td>Motorola G71<\/td><td>149\u20ac<\/td><td>89\u20ac<\/td><td>79\u20ac<\/td><td>89\u20ac<\/td><\/tr><tr><td>Motorola G62<\/td><td>139\u20ac<\/td><td>X<\/td><td>79\u20ac<\/td><td>89\u20ac<\/td><\/tr><tr><td>Motorola G54<\/td><td>129\u20ac<\/td><td>99\u20ac<\/td><td>79\u20ac<\/td><td>89\u20ac<\/td><\/tr><tr><td>Motorola G53<\/td><td>129\u20ac<\/td><td>X<\/td><td>79\u20ac<\/td><td>89\u20ac<\/td><\/tr><tr><td>Motorola G32<\/td><td>129\u20ac<\/td><td>X<\/td><td>79\u20ac<\/td><td>89\u20ac<\/td><\/tr><tr><td>Motorola G31<\/td><td>139\u20ac<\/td><td>89\u20ac<\/td><td>79\u20ac<\/td><td>89\u20ac<\/td><\/tr><tr><td>Motorola G22<\/td><td>109\u20ac<\/td><td>89\u20ac<\/td><td>79\u20ac<\/td><td>89\u20ac<\/td><\/tr><tr><td>Motorola G14<\/td><td>119\u20ac<\/td><td>99\u20ac<\/td><td>79\u20ac<\/td><td>89\u20ac<\/td><\/tr><tr><td>Motorola G13<\/td><td>119\u20ac<\/td><td>X<\/td><td>79\u20ac<\/td><td>89\u20ac<\/td><\/tr><tr><td>Motorola Edge 40 Pro<\/td><td>249\u20ac<\/td><td>X<\/td><td>89\u20ac<\/td><td>109\u20ac<\/td><\/tr><tr><td>Motorola Edge 40 Neo<\/td><td>X<\/td><td>99\u20ac<\/td><td>89\u20ac<\/td><td>X<\/td><\/tr><tr><td>Motorola Edge 40<\/td><td>199\u20ac<\/td><td>99\u20ac<\/td><td>89\u20ac<\/td><td>99\u20ac<\/td><\/tr><tr><td>Motorola Edge 30 Ultra<\/td><td>199\u20ac<\/td><td>X<\/td><td>89\u20ac<\/td><td>119\u20ac<\/td><\/tr><tr><td>Motorola Edge 30 Pro<\/td><td>199\u20ac<\/td><td>99\u20ac<\/td><td>89\u20ac<\/td><td>109\u20ac<\/td><\/tr><tr><td>Motorola Edge 30 Neo<\/td><td>179\u20ac<\/td><td>99\u20ac<\/td><td>89\u20ac<\/td><td>99\u20ac<\/td><\/tr><tr><td>Motorola Edge 30<\/td><td>179\u20ac<\/td><td>89\u20ac<\/td><td>89\u20ac<\/td><td>99\u20ac<\/td><\/tr><\/tbody><\/table>\n\t\t<\/div>\n\t\t\t\t\t\t<\/div>\n\t\t\t\t<\/div>\n\t\t\t\t<div class=\"elementor-element elementor-element-868d4c1 elementor-icon-list--layout-traditional elementor-list-item-link-full_width elementor-widget elementor-widget-icon-list\" data-id=\"868d4c1\" data-element_type=\"widget\" data-widget_type=\"icon-list.default\">\n\t\t\t\t<div class=\"elementor-widget-container\">\n\t\t\t\t\t\t\t<ul class=\"elementor-icon-list-items\">\n\t\t\t\t\t\t\t<li class=\"elementor-icon-list-item\">\n\t\t\t\t\t\t\t\t\t\t\t<span class=\"elementor-icon-list-icon\">\n\t\t\t\t\t\t\t<i aria-hidden=\"true\" class=\"fas fa-info-circle\"><\/i>\t\t\t\t\t\t<\/span>\n\t\t\t\t\t\t\t\t\t\t<span class=\"elementor-icon-list-text\">Ifall din telefon modell inte finns p\u00e5 listan kan ni alltid fr\u00e5ga oss genom att fylla i<a href=\"https:\/\/www.iglobal.fi\/sv\/ta-kontakt\/\"><b> fr\u00e5geformul\u00e4ret  <\/b><\/a>eller bes\u00f6ka oss i butiken f\u00f6r gratis fels\u00f6kning.<\/span>\n\t\t\t\t\t\t\t\t\t<\/li>\n\t\t\t\t\t\t<\/ul>\n\t\t\t\t\t\t<\/div>\n\t\t\t\t<\/div>\n\t\t\t\t<div class=\"elementor-element elementor-element-c0fcd4f elementor-cta--layout-image-right elementor-cta--mobile-layout-image-above elementor-cta--skin-classic elementor-animated-content elementor-widget elementor-widget-call-to-action\" data-id=\"c0fcd4f\" data-element_type=\"widget\" data-widget_type=\"call-to-action.default\">\n\t\t\t\t<div class=\"elementor-widget-container\">\n\t\t\t\t\t\t\t<div class=\"elementor-cta\">\n\t\t\t\t\t<div class=\"elementor-cta__bg-wrapper\">\n\t\t\t\t<div class=\"elementor-cta__bg elementor-bg lazyload\" style=\"background-image:inherit;\" role=\"img\" aria-label=\"Postipalvelu iGlobal Solution\" data-bg-image=\"url(https:\/\/www.iglobal.fi\/wp-content\/uploads\/2020\/10\/iGlobal-Solution-postituspalvelu-1-1024x683.jpg)\"><\/div>\n\t\t\t\t<div class=\"elementor-cta__bg-overlay\"><\/div>\n\t\t\t<\/div>\n\t\t\t\t\t\t\t<div class=\"elementor-cta__content\">\n\t\t\t\t\n\t\t\t\t\t\t\t\t\t<h2 class=\"elementor-cta__title elementor-cta__content-item elementor-content-item\">\n\t\t\t\t\t\tS\u00c4ND TELEFON P\u00c5 REPARATION\t\t\t\t\t<\/h2>\n\t\t\t\t\n\t\t\t\t\t\t\t\t\t<div class=\"elementor-cta__description elementor-cta__content-item elementor-content-item\">\n\t\t\t\t\t\tBor du l\u00e5ngt ifr\u00e5n oss? Ingen fara, s\u00e4nd din telefon p\u00e5 reparation per post, s\u00e5 vi fixar vi den p\u00e5 nolltid!\t\t\t\t\t<\/div>\n\t\t\t\t\n\t\t\t\t\t\t\t\t\t<div class=\"elementor-cta__button-wrapper elementor-cta__content-item elementor-content-item \">\n\t\t\t\t\t<a class=\"elementor-cta__button elementor-button elementor-size-\" href=\"https:\/\/www.iglobal.fi\/sv\/posttjanst\/\">\n\t\t\t\t\t\tL\u00c4S MERA\t\t\t\t\t<\/a>\n\t\t\t\t\t<\/div>\n\t\t\t\t\t\t\t<\/div>\n\t\t\t\t\t\t\t<div class=\"elementor-ribbon\">\n\t\t\t\t<div class=\"elementor-ribbon-inner\">\n\t\t\t\t\tPosttj\u00e4nst\t\t\t\t<\/div>\n\t\t\t<\/div>\n\t\t\t\t<\/div>\n\t\t\t\t\t\t<\/div>\n\t\t\t\t<\/div>\n\t\t\t\t\t<\/div>\n\t\t<\/div>\n\t\t\t\t\t<\/div>\n\t\t<\/section>\n\t\t\t\t<\/div>\n\t\t","protected":false},"excerpt":{"rendered":"<p>MOTOROLA SERVICE OCH REPARATION MOTOROLA SERVICE OCH REPARATION MOTOROLA TELEFONREPARATON F\u00f6r att garantera b\u00e4sta m\u00f6jliga slutresultat anv\u00e4nds alltid h\u00f6gkvalitativa och certifierade reservdelar i v\u00e5ra reparationer, oavsett om det \u00e4r fr\u00e5gan om reparation av sk\u00e4rm, kamera eller byte av batteri. MOTOROLA TELEFONREPARATION F\u00f6r att garantera b\u00e4sta m\u00f6jliga slutresultat anv\u00e4nds alltid h\u00f6gkvalitativa och certifierade reservdelar i v\u00e5ra [&hellip;]<\/p>\n","protected":false},"author":1,"featured_media":0,"parent":451,"menu_order":0,"comment_status":"closed","ping_status":"closed","template":"","meta":{"footnotes":""},"class_list":["post-3711","page","type-page","status-publish","hentry"],"_links":{"self":[{"href":"https:\/\/www.iglobal.fi\/sv\/wp-json\/wp\/v2\/pages\/3711","targetHints":{"allow":["GET"]}}],"collection":[{"href":"https:\/\/www.iglobal.fi\/sv\/wp-json\/wp\/v2\/pages"}],"about":[{"href":"https:\/\/www.iglobal.fi\/sv\/wp-json\/wp\/v2\/types\/page"}],"author":[{"embeddable":true,"href":"https:\/\/www.iglobal.fi\/sv\/wp-json\/wp\/v2\/users\/1"}],"replies":[{"embeddable":true,"href":"https:\/\/www.iglobal.fi\/sv\/wp-json\/wp\/v2\/comments?post=3711"}],"version-history":[{"count":7,"href":"https:\/\/www.iglobal.fi\/sv\/wp-json\/wp\/v2\/pages\/3711\/revisions"}],"predecessor-version":[{"id":3739,"href":"https:\/\/www.iglobal.fi\/sv\/wp-json\/wp\/v2\/pages\/3711\/revisions\/3739"}],"up":[{"embeddable":true,"href":"https:\/\/www.iglobal.fi\/sv\/wp-json\/wp\/v2\/pages\/451"}],"wp:attachment":[{"href":"https:\/\/www.iglobal.fi\/sv\/wp-json\/wp\/v2\/media?parent=3711"}],"curies":[{"name":"wp","href":"https:\/\/api.w.org\/{rel}","templated":true}]}}