{"id":2811,"date":"2021-06-21T17:44:05","date_gmt":"2021-06-21T17:44:05","guid":{"rendered":"https:\/\/www.iglobal.fi\/?page_id=2811"},"modified":"2023-05-10T06:13:17","modified_gmt":"2023-05-10T06:13:17","slug":"datorservice","status":"publish","type":"page","link":"https:\/\/www.iglobal.fi\/sv\/datorservice\/","title":{"rendered":"Datorservice"},"content":{"rendered":"\t\t<div data-elementor-type=\"wp-page\" data-elementor-id=\"2811\" class=\"elementor elementor-2811\" data-elementor-settings=\"{&quot;element_pack_global_tooltip_width&quot;:{&quot;unit&quot;:&quot;px&quot;,&quot;size&quot;:&quot;&quot;,&quot;sizes&quot;:[]},&quot;element_pack_global_tooltip_width_tablet&quot;:{&quot;unit&quot;:&quot;px&quot;,&quot;size&quot;:&quot;&quot;,&quot;sizes&quot;:[]},&quot;element_pack_global_tooltip_width_mobile&quot;:{&quot;unit&quot;:&quot;px&quot;,&quot;size&quot;:&quot;&quot;,&quot;sizes&quot;:[]},&quot;element_pack_global_tooltip_padding&quot;:{&quot;unit&quot;:&quot;px&quot;,&quot;top&quot;:&quot;&quot;,&quot;right&quot;:&quot;&quot;,&quot;bottom&quot;:&quot;&quot;,&quot;left&quot;:&quot;&quot;,&quot;isLinked&quot;:true},&quot;element_pack_global_tooltip_padding_tablet&quot;:{&quot;unit&quot;:&quot;px&quot;,&quot;top&quot;:&quot;&quot;,&quot;right&quot;:&quot;&quot;,&quot;bottom&quot;:&quot;&quot;,&quot;left&quot;:&quot;&quot;,&quot;isLinked&quot;:true},&quot;element_pack_global_tooltip_padding_mobile&quot;:{&quot;unit&quot;:&quot;px&quot;,&quot;top&quot;:&quot;&quot;,&quot;right&quot;:&quot;&quot;,&quot;bottom&quot;:&quot;&quot;,&quot;left&quot;:&quot;&quot;,&quot;isLinked&quot;:true},&quot;element_pack_global_tooltip_border_radius&quot;:{&quot;unit&quot;:&quot;px&quot;,&quot;top&quot;:&quot;&quot;,&quot;right&quot;:&quot;&quot;,&quot;bottom&quot;:&quot;&quot;,&quot;left&quot;:&quot;&quot;,&quot;isLinked&quot;:true},&quot;element_pack_global_tooltip_border_radius_tablet&quot;:{&quot;unit&quot;:&quot;px&quot;,&quot;top&quot;:&quot;&quot;,&quot;right&quot;:&quot;&quot;,&quot;bottom&quot;:&quot;&quot;,&quot;left&quot;:&quot;&quot;,&quot;isLinked&quot;:true},&quot;element_pack_global_tooltip_border_radius_mobile&quot;:{&quot;unit&quot;:&quot;px&quot;,&quot;top&quot;:&quot;&quot;,&quot;right&quot;:&quot;&quot;,&quot;bottom&quot;:&quot;&quot;,&quot;left&quot;:&quot;&quot;,&quot;isLinked&quot;:true}}\" data-elementor-post-type=\"page\">\n\t\t\t\t\t\t<section class=\"elementor-section elementor-top-section elementor-element elementor-element-0eb50bf elementor-section-height-min-height elementor-section-boxed elementor-section-height-default elementor-section-items-middle\" data-id=\"0eb50bf\" data-element_type=\"section\" data-settings=\"{&quot;background_background&quot;:&quot;classic&quot;}\">\n\t\t\t\t\t\t<div class=\"elementor-container elementor-column-gap-default\">\n\t\t\t\t\t<div class=\"elementor-column elementor-col-100 elementor-top-column elementor-element elementor-element-d8e90a3\" data-id=\"d8e90a3\" data-element_type=\"column\">\n\t\t\t<div class=\"elementor-widget-wrap\">\n\t\t\t\t\t\t\t<\/div>\n\t\t<\/div>\n\t\t\t\t\t<\/div>\n\t\t<\/section>\n\t\t\t\t<section class=\"elementor-section elementor-top-section elementor-element elementor-element-1a57240 elementor-section-boxed elementor-section-height-default elementor-section-height-default\" data-id=\"1a57240\" data-element_type=\"section\">\n\t\t\t\t\t\t<div class=\"elementor-container elementor-column-gap-default\">\n\t\t\t\t\t<div class=\"elementor-column elementor-col-100 elementor-top-column elementor-element elementor-element-27d0e84\" data-id=\"27d0e84\" data-element_type=\"column\">\n\t\t\t<div class=\"elementor-widget-wrap elementor-element-populated\">\n\t\t\t\t\t\t<div class=\"elementor-element elementor-element-83315b7 elementor-widget elementor-widget-heading\" data-id=\"83315b7\" data-element_type=\"widget\" data-widget_type=\"heading.default\">\n\t\t\t\t<div class=\"elementor-widget-container\">\n\t\t\t\t\t<h1 class=\"elementor-heading-title elementor-size-default\">Datorservice och reparation i Jakobstad<\/h1>\t\t\t\t<\/div>\n\t\t\t\t<\/div>\n\t\t\t\t<div class=\"elementor-element elementor-element-a8983bb elementor-widget elementor-widget-text-editor\" data-id=\"a8983bb\" data-element_type=\"widget\" data-widget_type=\"text-editor.default\">\n\t\t\t\t<div class=\"elementor-widget-container\">\n\t\t\t\t\t\t\t\t\t<h4><span style=\"color: #e03824;\"><strong>All typ av service f\u00f6r PC och MAC<\/strong><\/span><\/h4><p>P\u00e5 iGlobal Solution utf\u00f6rs i princip alla typer av reparationsservice f\u00f6r PC- datorer och Mac. Vi byter ut och uppgraderar komponenter, h\u00e5rdisk, display, tangentbord, moderkort samt korrigerar n\u00e4tverksproblem. Vi reparerar om m\u00f6jligt de skadade delarna och vi hj\u00e4lper till med olika mjukvarurelaterade problem. Vi installerar \u00e4ven olika program och konfigurerar beh\u00f6vliga inst\u00e4llningar \u00e5t dig oavsett vilket problem du \u00e4n har!<\/p><h4><strong><span style=\"color: #e03824;\">Gratis fels\u00f6kning och r\u00e5dgivning<\/span><\/strong><\/h4><p>Vi utf\u00f6r alltid gratis fels\u00f6kning p\u00e5 varje dator som kommer in till iGlobal Solution, oavsett m\u00e4rke (Dell &#8211; HP &#8211; Fujitsu &#8211; Sony &#8211; Lenovo m.m.). Efter att vi gjort en feldiagnos ger vi dig r\u00e5d om vad som kunde g\u00f6ras och ett kostnadsf\u00f6rslag. Vid behov best\u00e4ller vi efter de reservdelar som beh\u00f6vs f\u00f6r att kunna utf\u00f6ra reparationen. Kunden meddelas alltid ifall det f\u00f6rekommer avvikelse i reparationen, d.v.s om det finns dolda fel! Det finns alltid m\u00f6jlighet till en l\u00e5nedator ifall exempelvis din f\u00f6retagsdator pl\u00f6tsligt slutat fungera!<\/p><h4><strong><span style=\"color: #e03824;\">Hj\u00e4lp med montering av komponenter<\/span><\/strong><\/h4><p>Du kan \u00e4ven f\u00e5 hj\u00e4lp med datormontering av oss. Om du har k\u00f6pt datorkomponenter men \u00e4r os\u00e4ker p\u00e5 monteringen &#8211;\u00a0 kom in med alla delar till oss s\u00e5 hj\u00e4lper vi dig med monteringen &#8211; kompatibilitet &#8211; testning, allt i samma paket! Normalt \u00e4r datorn f\u00e4rdig samma dag!<\/p><h4><span style=\"color: #e03824;\"><strong>Garanti kvalitet<\/strong><\/span><\/h4><p>iGlobal Solution ger alltid 12 m\u00e5naders garanti p\u00e5 servicearbeten, datorer, telefoner och tabletter. N\u00e4r det g\u00e4ller reservdelar erbjuder vi v\u00e5ra kunder samma garantier som v\u00e5ra leverant\u00f6rer, d.v.s. 12-60 m\u00e5nader! Skador f\u00f6rorsakade av vattenskador eller str\u00f6mavbrott t\u00e4cks ej av garantin, men kan repareras mot en kostnad.<\/p>\t\t\t\t\t\t\t\t<\/div>\n\t\t\t\t<\/div>\n\t\t\t\t<section class=\"elementor-section elementor-inner-section elementor-element elementor-element-005eac5 elementor-section-boxed elementor-section-height-default elementor-section-height-default\" data-id=\"005eac5\" data-element_type=\"section\">\n\t\t\t\t\t\t<div class=\"elementor-container elementor-column-gap-default\">\n\t\t\t\t\t<div class=\"elementor-column elementor-col-100 elementor-inner-column elementor-element elementor-element-f984a08\" data-id=\"f984a08\" data-element_type=\"column\">\n\t\t\t<div class=\"elementor-widget-wrap elementor-element-populated\">\n\t\t\t\t\t\t<div class=\"elementor-element elementor-element-b9a366c elementor-mobile-align-justify elementor-widget__width-auto elementor-widget-mobile__width-inherit elementor-widget elementor-widget-button\" data-id=\"b9a366c\" data-element_type=\"widget\" data-widget_type=\"button.default\">\n\t\t\t\t<div class=\"elementor-widget-container\">\n\t\t\t\t\t\t\t\t\t<div class=\"elementor-button-wrapper\">\n\t\t\t\t\t<a class=\"elementor-button elementor-button-link elementor-size-sm elementor-animation-grow\" href=\"https:\/\/www.iglobal.fi\/sv\/ta-kontakt\/\">\n\t\t\t\t\t\t<span class=\"elementor-button-content-wrapper\">\n\t\t\t\t\t\t<span class=\"elementor-button-icon\">\n\t\t\t\t<i aria-hidden=\"true\" class=\"fas fa-mobile-alt\"><\/i>\t\t\t<\/span>\n\t\t\t\t\t\t\t\t\t<span class=\"elementor-button-text\">Kontakta oss<\/span>\n\t\t\t\t\t<\/span>\n\t\t\t\t\t<\/a>\n\t\t\t\t<\/div>\n\t\t\t\t\t\t\t\t<\/div>\n\t\t\t\t<\/div>\n\t\t\t\t<div class=\"elementor-element elementor-element-4e32ac7 elementor-mobile-align-justify elementor-widget__width-auto elementor-widget-mobile__width-inherit elementor-widget elementor-widget-button\" data-id=\"4e32ac7\" data-element_type=\"widget\" data-widget_type=\"button.default\">\n\t\t\t\t<div class=\"elementor-widget-container\">\n\t\t\t\t\t\t\t\t\t<div class=\"elementor-button-wrapper\">\n\t\t\t\t\t<a class=\"elementor-button elementor-button-link elementor-size-sm elementor-animation-grow\" href=\"https:\/\/g.page\/iGlobalService?share\">\n\t\t\t\t\t\t<span class=\"elementor-button-content-wrapper\">\n\t\t\t\t\t\t<span class=\"elementor-button-icon\">\n\t\t\t\t<i aria-hidden=\"true\" class=\"fas fa-map-marker-alt\"><\/i>\t\t\t<\/span>\n\t\t\t\t\t\t\t\t\t<span class=\"elementor-button-text\">Bes\u00f6k oss<\/span>\n\t\t\t\t\t<\/span>\n\t\t\t\t\t<\/a>\n\t\t\t\t<\/div>\n\t\t\t\t\t\t\t\t<\/div>\n\t\t\t\t<\/div>\n\t\t\t\t\t<\/div>\n\t\t<\/div>\n\t\t\t\t\t<\/div>\n\t\t<\/section>\n\t\t\t\t\t<\/div>\n\t\t<\/div>\n\t\t\t\t\t<\/div>\n\t\t<\/section>\n\t\t\t\t<\/div>\n\t\t","protected":false},"excerpt":{"rendered":"<p>Datorservice och reparation i Jakobstad All typ av service f\u00f6r PC och MAC P\u00e5 iGlobal Solution utf\u00f6rs i princip alla typer av reparationsservice f\u00f6r PC- datorer och Mac. Vi byter ut och uppgraderar komponenter, h\u00e5rdisk, display, tangentbord, moderkort samt korrigerar n\u00e4tverksproblem. Vi reparerar om m\u00f6jligt de skadade delarna och vi hj\u00e4lper till med olika mjukvarurelaterade [&hellip;]<\/p>\n","protected":false},"author":1,"featured_media":0,"parent":0,"menu_order":0,"comment_status":"closed","ping_status":"closed","template":"elementor_header_footer","meta":{"footnotes":""},"class_list":["post-2811","page","type-page","status-publish","hentry"],"_links":{"self":[{"href":"https:\/\/www.iglobal.fi\/sv\/wp-json\/wp\/v2\/pages\/2811","targetHints":{"allow":["GET"]}}],"collection":[{"href":"https:\/\/www.iglobal.fi\/sv\/wp-json\/wp\/v2\/pages"}],"about":[{"href":"https:\/\/www.iglobal.fi\/sv\/wp-json\/wp\/v2\/types\/page"}],"author":[{"embeddable":true,"href":"https:\/\/www.iglobal.fi\/sv\/wp-json\/wp\/v2\/users\/1"}],"replies":[{"embeddable":true,"href":"https:\/\/www.iglobal.fi\/sv\/wp-json\/wp\/v2\/comments?post=2811"}],"version-history":[{"count":63,"href":"https:\/\/www.iglobal.fi\/sv\/wp-json\/wp\/v2\/pages\/2811\/revisions"}],"predecessor-version":[{"id":3014,"href":"https:\/\/www.iglobal.fi\/sv\/wp-json\/wp\/v2\/pages\/2811\/revisions\/3014"}],"wp:attachment":[{"href":"https:\/\/www.iglobal.fi\/sv\/wp-json\/wp\/v2\/media?parent=2811"}],"curies":[{"name":"wp","href":"https:\/\/api.w.org\/{rel}","templated":true}]}}